{"id":74,"date":"2021-07-14T00:22:51","date_gmt":"2021-07-14T00:22:51","guid":{"rendered":"https:\/\/hpcfusion.bsc.es\/?page_id=74"},"modified":"2022-06-27T16:45:12","modified_gmt":"2022-06-27T16:45:12","slug":"programme","status":"publish","type":"page","link":"https:\/\/hpcfusion.bsc.es\/2020\/programme\/","title":{"rendered":"programme"},"content":{"rendered":"\n<h2 class=\"has-vivid-red-color has-text-color wp-block-heading\">Programme<\/h2>\n\n\n\n<hr class=\"wp-block-separator has-text-color has-black-color has-css-opacity has-black-background-color has-background aligncenter is-style-wide\"\/>\n\n\n\n<p><strong>Plenary Talks<\/strong><\/p>\n\n\n\n<ul class=\"wp-block-list\"><li>Alberto Loarte (ITER Organization) Modelling needs to support the ITER Research Plan and role of HPC<\/li><li>Susana Clement (F4E) Role of HPC in Broader Approach Activities in Fusion<\/li><li>Xavier Litaudon (EUROfusion) EUROfusion E-TASC Programme and HPC role within it<\/li><\/ul>\n\n\n\n<p><strong>Invited talks<\/strong><\/p>\n\n\n\n<ul class=\"wp-block-list\"><li>Jer\u00f3nimo Garc\u00eda (Commissariat \u00e0 l&#8217;\u00e9nergie atomique et aux \u00e9nergies alternatives-CEA)&nbsp;Fast ions as a source of transport suppression in JET plasmas<\/li><li>Maria J. Caturla (University of Alicante)&nbsp;The role of high performance computing in predictive models for microstructure evolution of irradiated Fe and FeCr alloys<\/li><li>Yasuhiro Suzuki (National Institute for Fusion Science)&nbsp;Nonlinear MHD simulation of core plasma collapse events in stellarators&nbsp;<\/li><li>J.J. Honrubia (Universidad Polit\u00e9cnica de Madrid)&nbsp;Integrated simulations of fast ignition of inertial fusion targets<\/li><li>Ihor Holod (Max Planck Computing and Data Facility)&nbsp;Advanced Preconditioner for the non-linear MHD code&nbsp;<\/li><li>Prashant Dwivedi (Czech Technical University in Prague) Molecular dynamics simulation of hypervelocity impacts; W on W.&nbsp;<\/li><li>Jos\u00e9 Manuel Garc\u00eda Rega\u00f1a (Ciemat)&nbsp;Turbulent transport of impurities in multispecies stellarator plasmas<\/li><li>Albert Gutierrez-Milla (Barcelona Supercomputing Center)&nbsp;Progress in the transferability of fusion workflows across HPC systems<\/li><li>Alexey Mishchenko (Max Planck Institute for Plasma Physics)&nbsp;Numerics and computation in gyrokinetic simulations of electromagnetic turbulence with global particle-in-cell codes<\/li><li>Jesus Dominguez-Palacios (Universidad de Sevilla)&nbsp;Non-linear hybrid kinetic-MHD modeling of the interaction between ELMs and fast-ions using MEGA<\/li><\/ul>\n\n\n\n<p><strong>Contributed talks<\/strong><\/p>\n\n\n\n<ul class=\"wp-block-list\"><li>Sadig Mulas (Ciemat)&nbsp;Simulations of neutral beam injection in TJ-II stellarator using the Monte Carlo code ASCOT<\/li><li>Diogo R. Ferreira (Universidade de Lisboa)&nbsp;Use of HPC Infrastructures for Deep Learning in Fusion Research<\/li><li>Carlos Daniel Mora Moreno (Eindhoven University of Technology)&nbsp;Geometric considerations for zonal flow activity in stellarators as the starting point for transport modeling<\/li><li>Julita Inca Chiroque (United Kingdom Atomic Energy Authority) Preconditioners for Large Geometries<\/li><li>Alberto Fraile (Czech Technical University In Prague) Volume and pressure of helium bubbles inside liquid Pb16Li. A molecular dynamics study<\/li><li>\u00c1lvaro L\u00f3pez Cazalilla (University of Helsinki)&nbsp;Effect of surface morphology on Tungsten sputtering yields<\/li><li>Daniel Suarez (Universitat Polit\u00e8cnica de Catalunya)&nbsp;Mechanical energy transfer in liquid metal MHD flows in DCLL breeding<\/li><li>Aleksander Dubas (Culham Centre for Fusion Energy)&nbsp;Evaluating Exascale FEA Backends for Fusion Digital Twins<\/li><li>Jonathan Shimwell (Culham Centre for Fusion Energy)&nbsp;The Paramak, automated parametric geometry construction for fusion reactor analysis<\/li><li>Stylianos Varoutis (Karlsruhe Institute of Technology)&nbsp;GPU acceleration of DEMO particle exhaust simulations<\/li><li>Jordi Mas (Barcelona Supercomputing Center)&nbsp;HPC resources RES &amp; PRACE.<br><\/li><\/ul>\n\n\n\n<p><strong>Other activities<\/strong><\/p>\n\n\n\n<ul class=\"wp-block-list\"><li>Oriol Riu (Barcelona Supercomputing Center) Virtual MareNostrum Tour<\/li><\/ul>\n\n\n\n<p>Download the programme in PDF <strong><a href=\"https:\/\/hpcfusion.bsc.es\/2020\/wp-content\/uploads\/sites\/4\/2022\/06\/1st-Spanish-Fusion-HPC-Workshop-Programme-27Nov2020.pdf\">here<\/a><\/strong>.<\/p>\n\n\n<table style=\"width: 819px; border: thin solid #cf2e2e; border-collapse: collapse;\">\n<tbody>\n<tr>\n<td style=\"border: thin solid #cf2e2e; width: 113px;\"><strong>9:00-9:10<\/strong><\/td>\n<td style=\"border: thin solid #cf2e2e; width: 692px;\" colspan=\"2\">Welcome<\/td>\n<\/tr>\n<tr>\n<td style=\"border: thin solid #cf2e2e; width: 113px;\">&nbsp;<\/td>\n<td style=\"border: thin solid #cf2e2e; width: 692px;\" colspan=\"2\">Chair: <em>Mervi Mantsinen<\/em><\/td>\n<\/tr>\n<tr>\n<td style=\"border: thin solid #cf2e2e; width: 113px;\"><strong>9:10-9:55<\/strong><\/td>\n<td style=\"border: thin solid #cf2e2e; width: 692px;\" colspan=\"2\"><strong>Alberto Loarte:<\/strong> Modelling needs to support the ITER Research Plan and role of HPC&nbsp;<\/td>\n<\/tr>\n<tr>\n<td style=\"border: thin solid #cf2e2e; width: 113px;\"><strong>9:55-10:40<\/strong><\/td>\n<td style=\"border: thin solid #cf2e2e; width: 692px;\" colspan=\"2\"><strong>Susana Clement Lorenzo:<\/strong> Role of HPC in Broader Approach Activities in Fusion<\/td>\n<\/tr>\n<tr>\n<td style=\"border: thin solid #cf2e2e; width: 113px;\"><strong>10:40-10:55<\/strong><\/td>\n<td style=\"border: thin solid #cf2e2e; width: 692px;\" colspan=\"2\">Break<\/td>\n<\/tr>\n<tr>\n<td style=\"border: thin solid #cf2e2e; width: 113px;\">&nbsp;<\/td>\n<td style=\"border: thin solid #cf2e2e; width: 328px;\">\n<p>Parallel Session Room 1<\/p>\n<p>Chair: <em>Shimpei Futatani<\/em><\/p>\n<\/td>\n<td style=\"border: thin solid #cf2e2e; width: 357px;\">\n<p>Parallel Session Room 2<\/p>\n<p>Chair: <em>Mervi Mantsinen<\/em><\/p>\n<\/td>\n<\/tr>\n<tr>\n<td style=\"border: thin solid #cf2e2e; width: 113px;\"><strong>10:55-11:20<\/strong><\/td>\n<td style=\"border: thin solid #cf2e2e; width: 328px;\"><strong>Jeronimo Garcia:<\/strong> <a href=\"https:\/\/hpcfusion.bsc.es\/2020\/wp-content\/uploads\/sites\/4\/2022\/06\/Fast-ions-as-a-source-of-transport-suppression-in-JET-plasmas-Garcia.pdf\" target=\"_blank\" rel=\"noopener\" data-wplink-edit=\"true\">Fast ions as a source of transport suppression in JET plasmas<\/a><\/td>\n<td style=\"border: thin solid #cf2e2e; width: 357px;\"><strong>Maria J. Caturla:<\/strong> <a href=\"https:\/\/hpcfusion.bsc.es\/2020\/wp-content\/uploads\/sites\/4\/2022\/06\/The-role-of-high-performance-computing-in-predictive-models-for-Caturla.pdf\" target=\"_blank\" rel=\"noopener\">The role of high performance computing in predictive models for microstructure evolution of irradiated Fe and FeCr alloys<\/a><\/td>\n<\/tr>\n<tr>\n<td style=\"border: thin solid #cf2e2e; width: 113px;\"><strong>11:20-11:45<\/strong><\/td>\n<td style=\"border: thin solid #cf2e2e; width: 328px;\"><strong>Yasuhiro Suzuki:<\/strong> <a href=\"https:\/\/hpcfusion.bsc.es\/2020\/wp-content\/uploads\/sites\/4\/2022\/06\/Nonlinear-MHD-simulation-of-core-plasma-collapse-events-in-stellarators-Suzuki.pdf\" target=\"_blank\" rel=\"noopener\">Nonlinear MHD simulation of core plasma collapse events in stellarators&nbsp;<\/a><\/td>\n<td style=\"border: thin solid #cf2e2e; width: 357px;\"><strong>J.J. Honrubia:<\/strong> <a href=\"https:\/\/hpcfusion.bsc.es\/2020\/wp-content\/uploads\/sites\/4\/2022\/06\/Integrated-simulations-of-fast-ignition-of-inertial-fusion-targets-Honrubia.pdf\" target=\"_blank\" rel=\"noopener\">Integrated simulations of fast ignition of inertial fusion targets<\/a><\/td>\n<\/tr>\n<tr>\n<td style=\"border: thin solid #cf2e2e; width: 113px;\"><strong>11:45-12:10<\/strong><\/td>\n<td style=\"border: thin solid #cf2e2e; width: 328px;\"><strong>Ihor Holod:<\/strong> <a href=\"https:\/\/hpcfusion.bsc.es\/2020\/wp-content\/uploads\/sites\/4\/2022\/06\/Advanced-Preconditioner-for-the-non-linear-MHD-code-Holod.pdf\" target=\"_blank\" rel=\"noopener\">Advanced Preconditioner for the non-linear MHD code&nbsp;<\/a><\/td>\n<td style=\"border: thin solid #cf2e2e; width: 357px;\"><strong>Prashant Dwivedi:<\/strong> <a href=\"https:\/\/hpcfusion.bsc.es\/2020\/wp-content\/uploads\/sites\/4\/2022\/06\/Molecular-dynamics-simulation-of-hypervelocity-impacts-W-on-W-Dwivedi.pdf\" target=\"_blank\" rel=\"noopener\">Molecular dynamics simulation of hypervelocity impacts; W on W.<\/a><\/td>\n<\/tr>\n<tr>\n<td style=\"border: thin solid #cf2e2e; width: 113px;\"><strong>12:10-13:15<\/strong><\/td>\n<td style=\"border: thin solid #cf2e2e; width: 692px;\" colspan=\"2\">Lunch break enlivened with Virtual MareNostrum Tour&nbsp;by<strong> Oriol Riu <\/strong>(12:10-12:40)<\/td>\n<\/tr>\n<tr>\n<td style=\"border: thin solid #cf2e2e; width: 113px;\">&nbsp;<\/td>\n<td style=\"border: thin solid #cf2e2e; width: 692px;\" colspan=\"2\">Chair:<em> Mervi Mantsinen<\/em><\/td>\n<\/tr>\n<tr>\n<td style=\"border: thin solid #cf2e2e; width: 113px;\"><strong>13:15-14:00<\/strong><\/td>\n<td style=\"border: thin solid #cf2e2e; width: 692px;\" colspan=\"2\"><strong>Xavier Litaudon:<\/strong> EUROfusion E-TASC Programme and HPC role within it<\/td>\n<\/tr>\n<tr>\n<td style=\"border: thin solid #cf2e2e; width: 113px;\">&nbsp;<\/td>\n<td style=\"border: thin solid #cf2e2e; width: 328px;\">\n<p>Parallel Session Room 1<\/p>\n<p>Chair:&nbsp;<em>Edilberto Sanchez<\/em><\/p>\n<\/td>\n<td style=\"border: thin solid #cf2e2e; width: 357px;\">\n<p>Parallel Session Room 2<\/p>\n<p>Chair:<em> Alejandro Soba<\/em><\/p>\n<\/td>\n<\/tr>\n<tr>\n<td style=\"border: thin solid #cf2e2e; width: 113px;\"><strong>14:00-14:25<\/strong><\/td>\n<td style=\"border: thin solid #cf2e2e; width: 328px;\">\n<p><strong>Jos\u00e9 Manuel Garc\u00eda Rega\u00f1a:<\/strong> <a href=\"https:\/\/hpcfusion.bsc.es\/2020\/wp-content\/uploads\/sites\/4\/2022\/06\/Turbulent-transport-of-impurities-in-multispecies-stellarator-plasmas-Regana.pdf\" target=\"_blank\" rel=\"noopener\">Turbulent transport of impurities in multispecies stellarator plasmas<\/a><\/p>\n<\/td>\n<td style=\"border: thin solid #cf2e2e; width: 357px;\">\n<p><strong>Albert Gutierrez-Milla:<\/strong> <a href=\"https:\/\/hpcfusion.bsc.es\/2020\/wp-content\/uploads\/sites\/4\/2022\/06\/Progress-in-the-transferability-of-fusion-workflows-across-HPC-systems-GutierrezMilla.pdf\" target=\"_blank\" rel=\"noopener\">Progress in the transferability of fusion workflows across HPC systems<\/a><\/p>\n<\/td>\n<\/tr>\n<tr>\n<td style=\"border: thin solid #cf2e2e; width: 113px;\"><strong>14:25-14:40<\/strong><\/td>\n<td style=\"border: thin solid #cf2e2e; width: 328px;\">\n<p><strong>Sadig Mulas:<\/strong> <a href=\"https:\/\/hpcfusion.bsc.es\/2020\/wp-content\/uploads\/sites\/4\/2022\/06\/Simulations-of-neutral-beam-injection-in-TJ-II-stellarator-Mulas.pdf\" target=\"_blank\" rel=\"noopener\">Simulations of neutral beam injection in TJ-II stellarator using the Monte Carlo code ASCOT<\/a><\/p>\n<\/td>\n<td style=\"border: thin solid #cf2e2e; width: 357px;\">\n<p><strong>Diogo R. Ferreira:<\/strong> <a href=\"https:\/\/hpcfusion.bsc.es\/2020\/wp-content\/uploads\/sites\/4\/2022\/06\/Use-of-HPC-Infrastructures-for-Deep-Learning-in-Fusion-Research-Ferreira.pdf\" target=\"_blank\" rel=\"noopener\">Use of HPC Infrastructures for Deep Learning in Fusion Research<\/a><\/p>\n<\/td>\n<\/tr>\n<tr>\n<td style=\"border: thin solid #cf2e2e; width: 113px;\"><strong>14:40-14:55<\/strong><\/td>\n<td style=\"border: thin solid #cf2e2e; width: 328px;\">\n<p><strong>Carlos Daniel Mora Moreno: <\/strong><a href=\"https:\/\/hpcfusion.bsc.es\/2020\/wp-content\/uploads\/sites\/4\/2022\/06\/Geometric-considerations-for-zonal-flow-activity-in-stellarators-as-the-MoraMoreno.pdf\" target=\"_blank\" rel=\"noopener\">Geometric considerations for zonal flow activity in stellarators as the starting point for transport modeling<\/a><\/p>\n<\/td>\n<td style=\"border: thin solid #cf2e2e; width: 357px;\">\n<p><strong>Julita Inca Chiroque:<\/strong> <a href=\"https:\/\/hpcfusion.bsc.es\/2020\/wp-content\/uploads\/sites\/4\/2022\/06\/Preconditioners-for-large-geometries-Inca.pdf\" target=\"_blank\" rel=\"noopener\">Preconditioners for Large Geometries<\/a><\/p>\n<\/td>\n<\/tr>\n<tr>\n<td style=\"border: thin solid #cf2e2e; width: 113px;\"><strong>14:55-15:10<\/strong><\/td>\n<td style=\"border: thin solid #cf2e2e; width: 692px;\" colspan=\"2\">Break<\/td>\n<\/tr>\n<tr>\n<td style=\"border: thin solid #cf2e2e; width: 113px;\">&nbsp;<\/td>\n<td style=\"border: thin solid #cf2e2e; width: 328px;\">\n<p>Parallel Session Room 1<\/p>\n<p>Chair: <i>Edilberto Sanchez<\/i><\/p>\n<\/td>\n<td style=\"border: thin solid #cf2e2e; width: 357px;\">\n<p>Parallel Session Room 2<\/p>\n<p>Chair: <em>Alejandro Soba<\/em><\/p>\n<\/td>\n<\/tr>\n<tr>\n<td style=\"border: thin solid #cf2e2e; width: 113px;\"><strong>15:10-15:35<\/strong><\/td>\n<td style=\"border: thin solid #cf2e2e; width: 328px;\">\n<p><strong>Alexey Mishchenko:<\/strong><a href=\"https:\/\/hpcfusion.bsc.es\/2020\/wp-content\/uploads\/sites\/4\/2022\/06\/Numerics-and-computation-in-gyrokinetic-simulations-of-electromagnetic-Mishchenko.pdf\" target=\"_blank\" rel=\"noopener\"> Numerics and computation in gyrokinetic simulations of electromagnetic turbulence with global particle-in-cell codes<\/a><\/p>\n<\/td>\n<td style=\"border: thin solid #cf2e2e; width: 357px;\"><strong>Jesus Dominguez-Palacios:<\/strong> <a href=\"https:\/\/hpcfusion.bsc.es\/2020\/wp-content\/uploads\/sites\/4\/2022\/06\/Non-linear-hybrid-kinetic-MHD-modeling-of-the-interaction-between-Palacios.pdf\" target=\"_blank\" rel=\"noopener\">Non-linear hybrid kinetic-MHD modeling of the interaction between ELMs and fast-ions using MEGA<\/a><\/td>\n<\/tr>\n<tr>\n<td style=\"border: thin solid #cf2e2e; width: 113px;\"><strong>15:35-15:50<\/strong><\/td>\n<td style=\"border: thin solid #cf2e2e; width: 328px;\"><strong>Alberto Fraile:<\/strong> <a href=\"https:\/\/hpcfusion.bsc.es\/2020\/wp-content\/uploads\/sites\/4\/2022\/06\/Volume-and-pressure-of-helium-bubbles-inside-liquid-Pb16Li.-A-molecular-dynamics-study-Fraile.pdf\" target=\"_blank\" rel=\"noopener\">Volume and pressure of helium bubbles inside liquid Pb16Li. A molecular dynamics study<\/a><\/td>\n<td style=\"border: thin solid #cf2e2e; width: 357px;\"><strong>\u00c1lvaro L\u00f3pez Cazalilla:<\/strong><a href=\"https:\/\/hpcfusion.bsc.es\/2020\/wp-content\/uploads\/sites\/4\/2022\/06\/Effect-of-surface-morphology-on-Tungsten-sputtering-yields-Lopez.pdf\" target=\"_blank\" rel=\"noopener\"> Effect of surface morphology on Tungsten sputtering yields<\/a><\/td>\n<\/tr>\n<tr>\n<td style=\"border: thin solid #cf2e2e; width: 113px;\"><strong>15-50-16:05<\/strong><\/td>\n<td style=\"border: thin solid #cf2e2e; width: 328px;\"><strong>Daniel Suarez:<\/strong> <a href=\"https:\/\/hpcfusion.bsc.es\/2020\/wp-content\/uploads\/sites\/4\/2022\/06\/Mechanical-energy-transfer-in-liquid-metal-MHD-flows-in-DCLL-breeding-Suarez.pdf\" target=\"_blank\" rel=\"noopener\">Mechanical energy transfer in liquid metal MHD flows in DCLL breeding<\/a><\/td>\n<td style=\"border: thin solid #cf2e2e; width: 357px;\">\n<p><strong>Aleksander Dubas:<\/strong> <a href=\"https:\/\/hpcfusion.bsc.es\/2020\/wp-content\/uploads\/sites\/4\/2022\/06\/Evaluating-Exascale-FEA-Backends-for-Fusion-Digital-Twins-Dubas.pdf\" target=\"_blank\" rel=\"noopener\">Evaluating Exascale FEA Backends for Fusion Digital Twins<\/a><\/p>\n<\/td>\n<\/tr>\n<tr>\n<td style=\"border: thin solid #cf2e2e; width: 113px;\"><strong>16:05-16:20<\/strong><\/td>\n<td style=\"border: thin solid #cf2e2e; width: 328px; text-align: left;\"><strong>Jonathan Shimwell:<\/strong> <a href=\"https:\/\/hpcfusion.bsc.es\/2020\/wp-content\/uploads\/sites\/4\/2022\/06\/The-Paramak-automated-parametric-geometry-construction-for-fusion-reactor-analysis-Shimwell.pdf\" target=\"_blank\" rel=\"noopener\">The Paramak, automated parametric geometry construction for fusion reactor analysis<\/a><\/td>\n<td style=\"border: thin solid #cf2e2e; width: 357px;\">\n<p><strong>Stylianos Varoutis:<\/strong> <a href=\"https:\/\/hpcfusion.bsc.es\/2020\/wp-content\/uploads\/sites\/4\/2022\/06\/GPU-acceleration-of-DEMO-particle-exhaust-simulations-Varoutis.pdf\" target=\"_blank\" rel=\"noopener\">GPU acceleration of DEMO particle exhaust simulations&nbsp;<\/a><\/p>\n<\/td>\n<\/tr>\n<tr>\n<td style=\"border: thin solid #cf2e2e; width: 113px;\">&nbsp;<\/td>\n<td style=\"border: thin solid #cf2e2e; width: 692px;\" colspan=\"2\">Chair:<em> Mervi Mantsinen<\/em><\/td>\n<\/tr>\n<tr>\n<td style=\"border: thin solid #cf2e2e; width: 113px;\"><strong>16:20-16:35<\/strong><\/td>\n<td style=\"border: thin solid #cf2e2e; width: 692px;\" colspan=\"2\"><strong>Jordi Mas:<\/strong> HPC resources RES &amp; PRACE<\/td>\n<\/tr>\n<tr>\n<td style=\"border: thin solid #cf2e2e; width: 113px;\"><strong>16:35-16:45<\/strong><\/td>\n<td style=\"border: thin solid #cf2e2e; width: 692px;\" colspan=\"2\">Closing<\/td>\n<\/tr>\n<\/tbody>\n<\/table>","protected":false},"excerpt":{"rendered":"<p>Programme Plenary Talks Alberto Loarte (ITER Organization) Modelling needs to support the ITER Research Plan and role of HPC Susana Clement (F4E) Role of HPC in Broader Approach Activities in Fusion Xavier Litaudon (EUROfusion) EUROfusion E-TASC Programme and HPC role within it Invited talks Jer\u00f3nimo Garc\u00eda (Commissariat \u00e0 l&#8217;\u00e9nergie atomique et aux \u00e9nergies alternatives-CEA)&nbsp;Fast ions &#8230; <a title=\"programme\" class=\"read-more\" href=\"https:\/\/hpcfusion.bsc.es\/2020\/programme\/\" aria-label=\"More on programme\">Read more<\/a><\/p>\n","protected":false},"author":1,"featured_media":0,"parent":0,"menu_order":0,"comment_status":"closed","ping_status":"closed","template":"","meta":{"footnotes":""},"class_list":["post-74","page","type-page","status-publish"],"_links":{"self":[{"href":"https:\/\/hpcfusion.bsc.es\/2020\/wp-json\/wp\/v2\/pages\/74","targetHints":{"allow":["GET"]}}],"collection":[{"href":"https:\/\/hpcfusion.bsc.es\/2020\/wp-json\/wp\/v2\/pages"}],"about":[{"href":"https:\/\/hpcfusion.bsc.es\/2020\/wp-json\/wp\/v2\/types\/page"}],"author":[{"embeddable":true,"href":"https:\/\/hpcfusion.bsc.es\/2020\/wp-json\/wp\/v2\/users\/1"}],"replies":[{"embeddable":true,"href":"https:\/\/hpcfusion.bsc.es\/2020\/wp-json\/wp\/v2\/comments?post=74"}],"version-history":[{"count":52,"href":"https:\/\/hpcfusion.bsc.es\/2020\/wp-json\/wp\/v2\/pages\/74\/revisions"}],"predecessor-version":[{"id":622,"href":"https:\/\/hpcfusion.bsc.es\/2020\/wp-json\/wp\/v2\/pages\/74\/revisions\/622"}],"wp:attachment":[{"href":"https:\/\/hpcfusion.bsc.es\/2020\/wp-json\/wp\/v2\/media?parent=74"}],"curies":[{"name":"wp","href":"https:\/\/api.w.org\/{rel}","templated":true}]}}