{"id":83,"date":"2021-07-14T00:26:43","date_gmt":"2021-07-14T00:26:43","guid":{"rendered":"https:\/\/hpcfusion.bsc.es\/?page_id=83"},"modified":"2022-06-27T16:44:53","modified_gmt":"2022-06-27T16:44:53","slug":"media","status":"publish","type":"page","link":"https:\/\/hpcfusion.bsc.es\/2020\/media\/","title":{"rendered":"media"},"content":{"rendered":"\n<h2 class=\"has-vivid-red-color has-text-color wp-block-heading\">Media<\/h2>\n\n\n\n<hr class=\"wp-block-separator has-text-color has-black-color has-css-opacity has-black-background-color has-background aligncenter is-style-wide\"\/>\n\n\n\n<p style=\"font-size:25px\"><strong>Video recordings<\/strong><\/p>\n\n\n\n<p class=\"has-normal-font-size\">*Please note that not all talks are available.<\/p>\n\n\n\n<figure class=\"wp-block-embed is-type-video is-provider-youtube wp-block-embed-youtube wp-embed-aspect-16-9 wp-has-aspect-ratio\"><div class=\"wp-block-embed__wrapper\">\n<iframe loading=\"lazy\" title=\"1st Spanish Fusion HPC Workshop - Main Room and Parallel Session Room 1 (Part 1)\" width=\"1200\" height=\"675\" src=\"https:\/\/www.youtube.com\/embed\/L3pOZaT6UEc?feature=oembed\" frameborder=\"0\" allow=\"accelerometer; autoplay; clipboard-write; encrypted-media; gyroscope; picture-in-picture\" allowfullscreen><\/iframe>\n<\/div><\/figure>\n\n\n\n<figure class=\"wp-block-embed is-type-video is-provider-youtube wp-block-embed-youtube wp-embed-aspect-16-9 wp-has-aspect-ratio\"><div class=\"wp-block-embed__wrapper\">\n<iframe loading=\"lazy\" title=\"1st Spanish Fusion HPC Workshop - Main Room and Parallel Session Room 1 (Part 2)\" width=\"1200\" height=\"675\" src=\"https:\/\/www.youtube.com\/embed\/Hcv6ZebE-Lk?start=1&#038;feature=oembed\" frameborder=\"0\" allow=\"accelerometer; autoplay; clipboard-write; encrypted-media; gyroscope; picture-in-picture\" allowfullscreen><\/iframe>\n<\/div><\/figure>\n\n\n\n<figure class=\"wp-block-embed is-type-video is-provider-youtube wp-block-embed-youtube wp-embed-aspect-16-9 wp-has-aspect-ratio\"><div class=\"wp-block-embed__wrapper\">\n<iframe loading=\"lazy\" title=\"1st Spanish Fusion HPC Workshop - Main Room and Parallel Session Room 1 (Part 3)\" width=\"1200\" height=\"675\" src=\"https:\/\/www.youtube.com\/embed\/cTTIs3O17Hs?start=1&#038;feature=oembed\" frameborder=\"0\" allow=\"accelerometer; autoplay; clipboard-write; encrypted-media; gyroscope; picture-in-picture\" allowfullscreen><\/iframe>\n<\/div><\/figure>\n\n\n\n<figure class=\"wp-block-embed is-type-video is-provider-youtube wp-block-embed-youtube wp-embed-aspect-16-9 wp-has-aspect-ratio\"><div class=\"wp-block-embed__wrapper\">\n<iframe loading=\"lazy\" title=\"1st Spanish Fusion HPC Workshop - Parallel Session Room 2\" width=\"1200\" height=\"675\" src=\"https:\/\/www.youtube.com\/embed\/enR32nlYro4?feature=oembed\" frameborder=\"0\" allow=\"accelerometer; autoplay; clipboard-write; encrypted-media; gyroscope; picture-in-picture\" allowfullscreen><\/iframe>\n<\/div><\/figure>\n\n\n\n<p style=\"font-size:25px\"><strong>Presentations<\/strong><\/p>\n\n\n\n<p><strong>Plenary talks<\/strong><\/p>\n\n\n\n<ul class=\"wp-block-list\"><li><a href=\"https:\/\/hpcfusion.bsc.es\/2020\/wp-content\/uploads\/sites\/4\/2022\/06\/Alberto_Loarte_Modelling_needs_to_support_the_ITER_Research_Plan_and_role_of_HPC.pdf\" target=\"_blank\" rel=\"noreferrer noopener\">Alberto Loarte (ITER Organization) Modelling needs to support the ITER Research Plan and role of HPC<\/a><\/li><li><a href=\"https:\/\/hpcfusion.bsc.es\/2020\/wp-content\/uploads\/sites\/4\/2022\/06\/Susana_Clement_The_Role_of_HPC_in_Broader_Approach_Activities_in_Fusion.pdf\" target=\"_blank\" rel=\"noreferrer noopener\">Susana Clement (F4E) The Role of HPC in Broader Approach Activities in Fusion<\/a><\/li><li><a href=\"https:\/\/hpcfusion.bsc.es\/2020\/wp-content\/uploads\/sites\/4\/2022\/06\/Xavier_Litaudon_EUROfusion_Theory_and_Advanced_Simulation_Coordination_E-TASC_Final.pdf\" target=\"_blank\" rel=\"noreferrer noopener\">Xavier Litaudon (EUROfusion) EUROfusion-Theory and Advanced Simulation Coordination (E-TASC)<\/a><\/li><\/ul>\n\n\n\n<p><strong>Invited talks<\/strong><\/p>\n\n\n\n<ul class=\"wp-block-list\"><li><a rel=\"noreferrer noopener\" href=\"https:\/\/hpcfusion.bsc.es\/2020\/wp-content\/uploads\/sites\/4\/2022\/06\/Jeronimo_Garcia_Fast_ions_as_a_source_of-_transport_suppression_in_JET_plasmas.pdf\" target=\"_blank\">Jeronimo Garcia (Commissariat \u00e0 l&#8217;\u00e9nergie atomique et aux \u00e9nergies alternatives-CEA) Fast ions as a source of transport suppression in JET plasmas<\/a><\/li><li><a rel=\"noreferrer noopener\" href=\"https:\/\/hpcfusion.bsc.es\/2020\/wp-content\/uploads\/sites\/4\/2022\/06\/MariaJose_Caturla_The_role_of_high_performance_computing_in_predictive_models_for_microstructure_evolution_of_irradiated_Fe_and_FeCr_all.pdf\" target=\"_blank\">Maria J. Caturla (University of Alicante) The role of high performance computing in predictive models for microstructure evolution of irradiated Fe and FeCr alloys<\/a><\/li><li><a rel=\"noreferrer noopener\" href=\"https:\/\/hpcfusion.bsc.es\/2020\/wp-content\/uploads\/sites\/4\/2022\/06\/Yasuhiro_Suzuki_Nonlinear_MHD_simulation_of_core_plasma_collapse_events_in_stellarators.pdf\" target=\"_blank\">Yasuhiro Suzuki (National Institute for Fusion Science) Nonlinear MHD simulation of core plasma collapse events in stellarators<\/a><\/li><li><a href=\"https:\/\/hpcfusion.bsc.es\/2020\/wp-content\/uploads\/sites\/4\/2022\/06\/Javier_Honrubia_Integrated_simulations_of_fast_ignition_of_inertial_fusion_targets_.pdf\" target=\"_blank\" rel=\"noreferrer noopener\">J.J. Honrubia (Universidad Polit\u00e9cnica de Madrid) Integrated simulations of fast ignition of inertial fusion targets<\/a><\/li><li><a rel=\"noreferrer noopener\" href=\"https:\/\/hpcfusion.bsc.es\/2020\/wp-content\/uploads\/sites\/4\/2022\/06\/Ihor-_Holod_Advanced_Preconditioner_for_the_non-linear_MHD_code_JOREK.pdf\" target=\"_blank\">Ihor Holod (Max Planck Computing and Data Facility) Advanced Preconditioner for the non-linear MHD code<\/a><\/li><li><a rel=\"noreferrer noopener\" href=\"https:\/\/hpcfusion.bsc.es\/2020\/wp-content\/uploads\/sites\/4\/2022\/06\/Jose_Manuel_Regana_Turbulent_transport_of_impurities_in_multispecies_Wendelstein_7-X_plasmas.pdf\" target=\"_blank\">Jos\u00e9 Manuel Garc\u00eda Rega\u00f1a (Ciemat) Turbulent transport of impurities in multispecies stellarator plasmas<\/a><\/li><li><a rel=\"noreferrer noopener\" href=\"https:\/\/hpcfusion.bsc.es\/2020\/wp-content\/uploads\/sites\/4\/2022\/06\/Alexey_Mishchenko_Numerics_and_computation_in_gyrokinetic_simulations_of_electromagnetic_turbulence_with_global_particle-in-cell_codes.pdf\" target=\"_blank\">Alexey Mishchenko (Max Planck Institute for Plasma Physics) Numerics and computation in gyrokinetic simulations of electromagnetic turbulence with global particle-in-cell codes<\/a><\/li><\/ul>\n\n\n\n<p><strong>Contributed talks<\/strong><\/p>\n\n\n\n<ul class=\"wp-block-list\"><li><a href=\"https:\/\/hpcfusion.bsc.es\/2020\/wp-content\/uploads\/sites\/4\/2022\/06\/Sadig_Mulas_Simulations_of_neutral_beam_injection-_in_TJ-II_stellarator_using_the_Monte_Carlo_code_ASCOT_unlocked-1_compressed.pdf\" target=\"_blank\" rel=\"noreferrer noopener\">Sadig Mulas (Ciemat) Simulations of neutral beam injection in TJ-II stellarator using the Monte Carlo code ASCOT<\/a><\/li><li><a rel=\"noreferrer noopener\" href=\"https:\/\/hpcfusion.bsc.es\/2020\/wp-content\/uploads\/sites\/4\/2022\/06\/Diogo_Ferreira_Use_of_HPC_Infrastructures_for_Deep_Learning_in_Fusion_Research.pdf\" target=\"_blank\">Diogo R. Ferreira (Universidade de Lisboa) Use of HPC Infrastructures for Deep Learning in Fusion Research<\/a><\/li><li><a href=\"https:\/\/hpcfusion.bsc.es\/2020\/wp-content\/uploads\/sites\/4\/2022\/06\/Carlos_Mora_Moreno_Geometric_Considerations_for_Zonal_Flow_Activity_in_Stellarators_PPT_compressed-1.pdf\" target=\"_blank\" rel=\"noreferrer noopener\">Carlos Daniel Mora Moreno (Eindhoven University of Technology) Geometric considerations for zonal flow activity in stellarators as the starting point for transport modeling<\/a><\/li><li><a href=\"https:\/\/hpcfusion.bsc.es\/2020\/wp-content\/uploads\/sites\/4\/2022\/06\/Julita_Inca_Chiroque_Preconditioners_for_large_geometries.pdf\" target=\"_blank\" rel=\"noreferrer noopener\">Julita Inca Chiroque (United Kingdom Atomic Energy Authority) Preconditioners for Large Geometries<\/a><\/li><li><a href=\"https:\/\/hpcfusion.bsc.es\/2020\/wp-content\/uploads\/sites\/4\/2022\/06\/Alberto_Fraile_Helium_bubbles_inside_liquid-_Pb16Li_A_molecular_dynamics-_study.pdf\" target=\"_blank\" rel=\"noreferrer noopener\">Alberto Fraile (Czech Technical University In Prague) Volume and pressure of helium bubbles inside liquid Pb16Li. A molecular dynamics study<\/a><\/li><li><a href=\"https:\/\/hpcfusion.bsc.es\/2020\/wp-content\/uploads\/sites\/4\/2022\/06\/Alvaro_Lopez-Cazalilla_Effect_of_surface_morphology_on_tungsten_sputtering_yields_compressed-1.pdf\" target=\"_blank\" rel=\"noreferrer noopener\">\u00c1lvaro L\u00f3pez Cazalilla (University of Helsinki) Effect of surface morphology on Tungsten sputtering yields<\/a><\/li><li><a href=\"https:\/\/hpcfusion.bsc.es\/2020\/wp-content\/uploads\/sites\/4\/2022\/06\/Daniel_Suarez-Mechanical_energy_transfer_in_liquid_metal_MHD_flows_in_DCLL_breeding.pdf\" target=\"_blank\" rel=\"noreferrer noopener\">Daniel Suarez (Universitat Polit\u00e8cnica de Catalunya) Mechanical energy transfer in liquid metal MHD flows in DCLL breeding<\/a><\/li><li><a href=\"https:\/\/hpcfusion.bsc.es\/2020\/wp-content\/uploads\/sites\/4\/2022\/06\/Aleksander_Dubas_Evaluating_Exascale_FEA_Backends_for_Fusion_Digital_Twins.pdf\" target=\"_blank\" rel=\"noreferrer noopener\">Aleksander Dubas (Culham Centre for Fusion Energy) Evaluating Exascale FEA Backends for Fusion Digital Twins<\/a><\/li><li><a href=\"https:\/\/hpcfusion2020.bsc.es\/sites\/default\/files\/abstracts\/Jonathan_Shimwell_The_Paramak_automated_parametric_geometry_construction_for_fusion_reactor_analysis.html\" target=\"_blank\" rel=\"noreferrer noopener\">Jonathan Shimwell (Culham Centre for Fusion Energy) The Paramak, automated parametric geometry construction for fusion reactor analysis<\/a><\/li><li><a href=\"https:\/\/hpcfusion.bsc.es\/2020\/wp-content\/uploads\/sites\/4\/2022\/06\/Jordi_Mas_The_Spanish_Supercomputing_Network_offers_HPC_resources_to_the_scientific_community_compressed.pdf\" target=\"_blank\" rel=\"noreferrer noopener\">Jordi Mas (Barcelona Supercomputing Center) The Spanish Supercomputing Network offers HPC resources to the scientific community<\/a><\/li><\/ul>\n\n\n\n<p><\/p>\n","protected":false},"excerpt":{"rendered":"<p>Media Video recordings *Please note that not all talks are available. Presentations Plenary talks Alberto Loarte (ITER Organization) Modelling needs to support the ITER Research Plan and role of HPC Susana Clement (F4E) The Role of HPC in Broader Approach Activities in Fusion Xavier Litaudon (EUROfusion) EUROfusion-Theory and Advanced Simulation Coordination (E-TASC) Invited talks Jeronimo &#8230; <a title=\"media\" class=\"read-more\" href=\"https:\/\/hpcfusion.bsc.es\/2020\/media\/\" aria-label=\"More on media\">Read more<\/a><\/p>\n","protected":false},"author":1,"featured_media":0,"parent":0,"menu_order":0,"comment_status":"closed","ping_status":"closed","template":"","meta":{"footnotes":""},"class_list":["post-83","page","type-page","status-publish"],"_links":{"self":[{"href":"https:\/\/hpcfusion.bsc.es\/2020\/wp-json\/wp\/v2\/pages\/83","targetHints":{"allow":["GET"]}}],"collection":[{"href":"https:\/\/hpcfusion.bsc.es\/2020\/wp-json\/wp\/v2\/pages"}],"about":[{"href":"https:\/\/hpcfusion.bsc.es\/2020\/wp-json\/wp\/v2\/types\/page"}],"author":[{"embeddable":true,"href":"https:\/\/hpcfusion.bsc.es\/2020\/wp-json\/wp\/v2\/users\/1"}],"replies":[{"embeddable":true,"href":"https:\/\/hpcfusion.bsc.es\/2020\/wp-json\/wp\/v2\/comments?post=83"}],"version-history":[{"count":20,"href":"https:\/\/hpcfusion.bsc.es\/2020\/wp-json\/wp\/v2\/pages\/83\/revisions"}],"predecessor-version":[{"id":620,"href":"https:\/\/hpcfusion.bsc.es\/2020\/wp-json\/wp\/v2\/pages\/83\/revisions\/620"}],"wp:attachment":[{"href":"https:\/\/hpcfusion.bsc.es\/2020\/wp-json\/wp\/v2\/media?parent=83"}],"curies":[{"name":"wp","href":"https:\/\/api.w.org\/{rel}","templated":true}]}}