{"id":49,"date":"2021-07-13T16:39:29","date_gmt":"2021-07-13T16:39:29","guid":{"rendered":"https:\/\/hpcfusion.bsc.es\/?page_id=49"},"modified":"2024-12-02T09:42:27","modified_gmt":"2024-12-02T09:42:27","slug":"2nd-spanish-fusion-hpc-workshop-2021","status":"publish","type":"page","link":"https:\/\/hpcfusion.bsc.es\/2023\/","title":{"rendered":"main"},"content":{"rendered":"\n<h2 class=\"wp-block-heading has-vivid-red-color has-text-color\">4<sup>th<\/sup> Fusion HPC Workshop<\/h2>\n\n\n\n<hr class=\"wp-block-separator has-text-color has-black-color has-css-opacity has-black-background-color has-background aligncenter is-style-wide\" \/>\n\n\n\n<p class=\"has-vivid-red-color has-text-color has-medium-font-size\"><strong>Outstanding Presentations by Early Career Scientists<\/strong><\/p>\n\n\n\n<p><strong>We are pleased to announce that this year&#8217;s winners are:<\/strong><\/p>\n\n\n\n<ul class=\"wp-block-list\">\n<li>Davide Gambino<\/li>\n\n\n\n<li>Maria Chrysanthou<\/li>\n\n\n\n<li>Lorenzo Savino<\/li>\n<\/ul>\n\n\n\n<p class=\"has-text-color has-link-color wp-elements-40c482f59f8a86480f10679c439517dc\" style=\"color:#cf2e2e\"><strong>Winner of the Best Talk \u2013 Voted by Popular Choice<\/strong><\/p>\n\n\n\n<p>(with a tie among 8 talks) <\/p>\n\n\n\n<ul class=\"wp-block-list\">\n<li>Daniele Torsello<\/li>\n\n\n\n<li>Davide Gambino<\/li>\n\n\n\n<li>Egemen Kolemen<\/li>\n\n\n\n<li>Federico Cipolleta<\/li>\n\n\n\n<li>Fernando Roca Urgorri<\/li>\n\n\n\n<li>Joan Vinyals-Ylla-Catal\u00e0<\/li>\n\n\n\n<li>Paul Gibbon<\/li>\n\n\n\n<li>Taina Kurki-Suonio &amp; Antti Snicker<\/li>\n<\/ul>\n\n\n\n<p>Congratulations for your good work!<\/p>\n\n\n\n<hr class=\"wp-block-separator has-alpha-channel-opacity\" \/>\n\n\n\n<p>Dear Colleagues,<\/p>\n\n\n\n<p>It is our pleasure to host the <strong>4<sup>rd<\/sup> Fusion HPC Workshop<\/strong> as an online event on<strong> November 29-30, 2023.<\/strong><\/p>\n\n\n\n<p>This workshop follows the virtual <strong><a rel=\"noreferrer noopener\" href=\"https:\/\/hpcfusion.bsc.es\/2022\/\" target=\"_blank\">3<sup>rd<\/sup> Fusion HPC Workshop<\/a><\/strong>, which took place on<strong> December 15-16, 2022<\/strong>, and attracted 168 registrations from all over the world. <\/p>\n\n\n\n<p>This workshop covers all computer applications using High Performance Computing (HPC) in the field of fusion research. These include, but are not limited to, numerical simulations for Fusion physics, technology and materials in the following areas:<\/p>\n\n\n\n<ul class=\"wp-block-list\">\n<li>Energy and particle transport   <\/li>\n\n\n\n<li>Multi-physics and Multi-scale analyses and modelling   <\/li>\n\n\n\n<li>Turbulence and related transport processes   <\/li>\n\n\n\n<li>Hydrodynamics, including linear, nonlinear and\/or extended MHD   <\/li>\n\n\n\n<li>Plasma instabilities   <\/li>\n\n\n\n<li>Edge and plasma-material interactions   <\/li>\n\n\n\n<li>Heating, fueling and current drive   <\/li>\n\n\n\n<li>Laser-plasma interactions   <\/li>\n\n\n\n<li>Fast particle physics and burning plasma issues   <\/li>\n\n\n\n<li>Scenario development and control   <\/li>\n\n\n\n<li>Materials under irradiation   <\/li>\n\n\n\n<li>Nuclear fuel cycle systems analysis (Tritium modelling)<\/li>\n\n\n\n<li>Deterministic, Monte Carlo and hybrid methods developments   <\/li>\n\n\n\n<li>System Analyses<\/li>\n<\/ul>\n\n\n\n<p>The workshop&#8217;s language will be in English, and it will be open to all.<\/p>\n\n\n\n<p>There will be keynote, invited and contributed presentations. The<strong> <a rel=\"noreferrer noopener\" href=\"https:\/\/hpcfusion.bsc.es\/abstract\/\" target=\"_blank\">abstract submission<\/a><\/strong><a rel=\"noreferrer noopener\" href=\"https:\/\/hpcfusion.bsc.es\/abstract\/\" target=\"_blank\"> <\/a>opens on<strong> June 6, 2023<\/strong>, and closes on <strong>September 15, 2023 at 1pm&nbsp;CEST.<\/strong><\/p>\n\n\n\n<p>Participants at the Fusion HPC Workshop will gain a broad understanding of the status of fusion HPC research internationally by attending presentations by leading researchers on a broad range of topics. Question and answer sessions will follow presentations with the option to either write or use the microphone to ask questions. Participants are encouraged to network on an individual basis, and may use the Zoom chat feature during sessions of invited and contributed presentations.<\/p>\n\n\n\n<p class=\"has-contrast-color has-text-color\">Following the success of last year, early career scientists will once again have the opportunity to receive feedback from expert reviewers and qualify for the recognition we give to outstanding presentations.<\/p>\n\n\n\n<p>Similar to the process for last year&#8217;s Special Issue in Plasma Physics and Controlled Fusion journal, selected presentations will be invited, by mutual agreement, to submit a journal paper after the workshop to a special issue published in <strong><a rel=\"noreferrer noopener\" href=\"http:\/\/Special Issue on High Performance Supercomputing (HPC) in Fusion Research 2022\" target=\"_blank\">Plasma Physics and Controlled Fusion (IOP).<\/a><\/strong><\/p>\n\n\n\n<hr class=\"wp-block-separator has-alpha-channel-opacity is-style-dots\" \/>\n\n\n\n<p class=\"has-vivid-red-color has-text-color has-medium-font-size\"><strong>Confirmed keynote speakers<\/strong><\/p>\n\n\n\n<p><strong>Speaker: <\/strong>Cristina Rea, from MIT, USA <br><strong>Title:<\/strong> A review of explainable Machine Learning accelerating Fusion science<\/p>\n\n\n\n<p><strong>Speaker:<\/strong> Jos\u00e9 Manuel Garc\u00eda-Rega\u00f1a, from CIEMAT, Spain<br><strong>Title:<\/strong> <em>Stellarator turbulence simulation in Europe: a tour of its latest achievements<\/em><\/p>\n\n\n\n<p><strong>Speaker:<\/strong> Gilles Fourestey, from EPFL, Switzerland<br><strong>Title: <\/strong><em>How EUROfusion Advanced Computing Hubs leverage high-performance computing to accelerate research and engineering in nuclear fusion<\/em><\/p>\n\n\n\n<p><strong>Speaker:<\/strong> Sergei Dudarev, from CCFE, UK <br><em>The computational principles of a virtual tokamak reactor<\/em><\/p>\n\n\n\n<p><strong>Speaker:<\/strong>&nbsp;Andrew Davis, from CCFE, UK<br><strong>Title<\/strong>: <em>High Performance Multiphysics driven design for fusion systems<\/em><\/p>\n\n\n\n<hr class=\"wp-block-separator has-alpha-channel-opacity is-style-dots\" \/>\n\n\n\n<p>We are looking forward to welcoming you to the workshop!<\/p>\n\n\n\n<p><em>The Fusion HPC Workshop Organization Committee<\/em><\/p>\n\n\n\n<p><\/p>\n","protected":false},"excerpt":{"rendered":"<p>4th Fusion HPC Workshop Outstanding Presentations by Early Career Scientists We are pleased to announce that this year&#8217;s winners are: Winner of the Best Talk \u2013 Voted by Popular Choice (with a tie among 8 talks) Congratulations for your good work! Dear Colleagues, It is our pleasure to host the 4rd Fusion HPC Workshop as &#8230; <a title=\"main\" class=\"read-more\" href=\"https:\/\/hpcfusion.bsc.es\/2023\/\" aria-label=\"More on main\">Read more<\/a><\/p>\n","protected":false},"author":1,"featured_media":0,"parent":0,"menu_order":0,"comment_status":"closed","ping_status":"closed","template":"","meta":{"footnotes":""},"class_list":["post-49","page","type-page","status-publish"],"_links":{"self":[{"href":"https:\/\/hpcfusion.bsc.es\/2023\/wp-json\/wp\/v2\/pages\/49","targetHints":{"allow":["GET"]}}],"collection":[{"href":"https:\/\/hpcfusion.bsc.es\/2023\/wp-json\/wp\/v2\/pages"}],"about":[{"href":"https:\/\/hpcfusion.bsc.es\/2023\/wp-json\/wp\/v2\/types\/page"}],"author":[{"embeddable":true,"href":"https:\/\/hpcfusion.bsc.es\/2023\/wp-json\/wp\/v2\/users\/1"}],"replies":[{"embeddable":true,"href":"https:\/\/hpcfusion.bsc.es\/2023\/wp-json\/wp\/v2\/comments?post=49"}],"version-history":[{"count":79,"href":"https:\/\/hpcfusion.bsc.es\/2023\/wp-json\/wp\/v2\/pages\/49\/revisions"}],"predecessor-version":[{"id":1117,"href":"https:\/\/hpcfusion.bsc.es\/2023\/wp-json\/wp\/v2\/pages\/49\/revisions\/1117"}],"wp:attachment":[{"href":"https:\/\/hpcfusion.bsc.es\/2023\/wp-json\/wp\/v2\/media?parent=49"}],"curies":[{"name":"wp","href":"https:\/\/api.w.org\/{rel}","templated":true}]}}