{"id":630,"date":"2022-09-16T16:27:55","date_gmt":"2022-09-16T16:27:55","guid":{"rendered":"https:\/\/hpcfusion.bsc.es\/?page_id=630"},"modified":"2023-11-28T18:23:38","modified_gmt":"2023-11-28T18:23:38","slug":"programme_adv","status":"publish","type":"page","link":"https:\/\/hpcfusion.bsc.es\/2023\/programme_adv\/","title":{"rendered":"programme"},"content":{"rendered":"\n<h2 class=\"wp-block-heading has-vivid-red-color has-text-color\">Program<\/h2>\n\n\n\n<hr class=\"wp-block-separator has-text-color has-black-color has-css-opacity has-black-background-color has-background aligncenter is-style-wide\" \/>\n\n\n\n<p class=\"has-vivid-red-color has-text-color has-medium-font-size\"><strong>Keynote talks<\/strong><\/p>\n\n\n\n<p><strong>Speaker: <\/strong>Cristina Rea, from MIT, USA <br><strong>Title: <\/strong><em>A review of explainable Machine Learning accelerating Fusion science<\/em><\/p>\n\n\n\n<p><strong>Speaker:<\/strong> Jos\u00e9 Manuel Garc\u00eda-Rega\u00f1a, from CIEMAT, Spain<br><strong>Title:<\/strong> <em>Stellarator turbulence simulation in Europe: a tour of its latest achievements<\/em><\/p>\n\n\n\n<p><strong>Speaker:<\/strong> Gilles Fourestey, from EPFL, Switzerland<br><strong>Title: <\/strong><em>How EUROfusion Advanced Computing Hubs leverage high-performance computing to accelerate research and engineering in nuclear fusion<\/em><\/p>\n\n\n\n<p><strong>Speaker:<\/strong> Sergei Dudarev, from CCFE, UK <br><strong>Title:<\/strong> <em>The computational principles of a virtual tokamak reactor<\/em><\/p>\n\n\n\n<p><strong>Speaker:<\/strong>&nbsp;Andrew Davis, from CCFE, UK<br><strong>Title<\/strong>: <em>High Performance Multiphysics driven design for fusion systems<\/em><\/p>\n\n\n\n<p class=\"has-vivid-red-color has-text-color has-medium-font-size\"><strong>Invited talks<\/strong><\/p>\n\n\n\n<ul class=\"wp-block-list\">\n<li>P. Gibbon (Focused Energy GmbH) Multi-scale simulations of proton-driven fast ignition of inertial fusion targets<\/li>\n\n\n\n<li>T. Kurki-Suonio &amp; A. Snicker (Aalto University (TKS) and VTT Technical Research Centre of Finland Ud.): How to keep up with fast ions in the increasingly complex fusion devices?<\/li>\n\n\n\n<li>F. Widmer (National Institutes of Natural Sciences) Towards Self Consistent Tearing Mode Evolution and Micro-Turbulence Interaction in Gyrokinetics<\/li>\n\n\n\n<li>J. Kumar (Indian Institute of Science, Bangalore): Neural network assisted electrostatic global gyrokinetic toroidal code using cylindrical coordinates<\/li>\n\n\n\n<li>A. Mariani (Istituto per la Scienza e Tecnologia dei Plasmi): Gyrokinetic and quasi-linear simulations of JET plasmas in view of DT operation<\/li>\n\n\n\n<li>P. Dwivedi (Czech Technical University in Prague) Unraveling the Atomic-Scale Dynamics of Dust-Wall Interactions in Tokamaks<\/li>\n\n\n\n<li>H. Brooks (UK Atomic Energy Authority): GPU Acceleration of OpenMC Neutronics for Fusion Applications<\/li>\n\n\n\n<li>F. Cipolletta (Barcelona Supercomputing Center): Code optimizations in the BSC Advanced Computing Hub: Implementation of matrix compression for the coupling of JOREK to the 3D realistic conducting wall structures<\/li>\n\n\n\n<li>F. Roca (National Fusion Laboratory, CIEMAT): Accuracy and scalability of incompressible inductionless MHD codes applied to fusion technologies<\/li>\n\n\n\n<li>E. Kolemen (Princeton University): Flexible and Fast Stellarator Optimization with DESC Suite<\/li>\n<\/ul>\n\n\n\n<p class=\"has-vivid-red-color has-text-color has-medium-font-size\"><strong>Contributed talks<\/strong><\/p>\n\n\n\n<ul class=\"wp-block-list\">\n<li>A. Lopez-Cazalilla (University of Helsinki): Mechanisms of bubble growth and blistering on metals exposed to hydrogen<\/li>\n\n\n\n<li>J. Eifert (RWTH Aachen): Comparison of the Numerical Flow iteration to Lagrangian and Semi-Lagrangian schemes for the Vlasov system<\/li>\n\n\n\n<li>Z. A. Xing (General Atomics): Leveraging NERSC computing to support DIII-D operations through profile analysis and kinetic magnetic equilibrium reconstruction<\/li>\n\n\n\n<li>M. Chrysanthou (Laboratory for Scientific Computing, University of Cambridge): Numerical solutions of plasma flow in the presence of absolute vacuum<\/li>\n\n\n\n<li>A. Serikov (Karlsruhe Institute of Technology (KIT) and Institute for Neutron Physics and Reactor Technology (INR)): Monte Carlo radiation transport parallel computations on Marconi-Fusion HPC for the IFMIF-DONES radiation shielding tasks<\/li>\n\n\n\n<li>Y. Narbut (Max-Planck-Institute for Plasma Physics): Simulation of fully global electromagnetic turbulence in the stellarator W7-X<\/li>\n\n\n\n<li>D. Torsello (Politecnico di Torino) Monte Carlo simulations of CAD-imported complex geometries for radiation damage in compact fusion reactors<\/li>\n\n\n\n<li>W. Lin (Southwestern Institute of Physics): Gyrokinetic simulations on the triggering and self-sustaining of internal transport barrier in HL-2A tokamak plasmas<\/li>\n\n\n\n<li>A. Farmakalides (University of Cambridge): An all-Mach semi-implicit finite volume method for magnetically-dominated MHD<\/li>\n\n\n\n<li>F. J. Dominguez-Gutierrez (NOMATEN Centre of Excellence, National Centre for Nuclear Research):  Threshold Displacement Energy Study in Tungsten: Combining Machine Learning and Classical MD Simulations<\/li>\n\n\n\n<li>X. K. Lin (University of Cambridge): A novel algorithm for the accurate and fast solution of the two-fluid MHD equations<\/li>\n\n\n\n<li>D. Gambino (Department of Physics, Chemistry and Biology, Link\u00f6ping University, Link\u00f6ping): Molecular dynamics investigation of radiation damage in high temperature superconducting tapes for compact fusion reactors<\/li>\n\n\n\n<li>P. Puthan(Oak Ridge Associated Universities) ALMA toolkit for simulation of magnetohydrodynamic duct flows<\/li>\n\n\n\n<li>J. Vinyals (Barcelona Supercomputing Center): Performance optimization of EUROFusion HPC code ERO2.0<\/li>\n\n\n\n<li>D. Suarez (Oak Ridge National Laboratory): Characterization of buoyancy-driven eddies of liquid metal MHD flows in breeding blankets<\/li>\n\n\n\n<li>L. Savino (Sapienza University of Rome): A GPU based 3D raytracing algorithm for DUED code<\/li>\n<\/ul>\n\n\n\n<p class=\"has-medium-font-size\"><strong>First day \u2013 29 November 2023<\/strong><br><strong>Timezone CET (Central European Time)<\/strong><\/p>\n\n\n\n<figure class=\"wp-block-table is-style-regular\"><table class=\"has-fixed-layout\"><tbody><tr><td><\/td><td><strong>Main Room<\/strong><\/td><td><strong>Room 2<\/strong><\/td><\/tr><tr><td>9:00-<code>\u2060<\/code>9:15             <\/td><td><em>Welcome: E. S\u00e1nchez<\/em><\/td><td><\/td><\/tr><tr><td>&nbsp;<\/td><td><strong>Inaugural session: HPC, ICF, and fast ions<br><\/strong><em>Chair: M. Mantsinen<\/em><\/td><td><\/td><\/tr><tr><td>9:15-<code>\u2060<\/code>10:00                  <\/td><td><strong><strong><strong>Gilles Fourestey<\/strong>: <\/strong><\/strong><a rel=\"noreferrer noopener\" href=\"https:\/\/hpcfusion.bsc.es\/2023\/wp-content\/uploads\/sites\/7\/2023\/10\/Gilles-Fourestey_4thHPC-Fusion-Workshop.pdf\" target=\"_blank\">How EUROfusion Advanced Computing Hubs leverage high-performance computing to accelerate research and engineering in nuclear fusion<\/a><\/td><td><\/td><\/tr><tr><td>10:00-<code>\u2060<\/code>10:30<\/td><td><strong>Paul Gibbon: <\/strong><a rel=\"noreferrer noopener\" href=\"https:\/\/hpcfusion.bsc.es\/2023\/wp-content\/uploads\/sites\/7\/2023\/10\/Gibbon_4thHPC-Fusion-Workshop.pdf\" target=\"_blank\">Multi-scale simulations of proton-driven fast ignition of inertial fusion targets<\/a><\/td><td><\/td><\/tr><tr><td>10:30-<code>\u2060<\/code>11:00<\/td><td><strong>Taina Kurki-Suonio &amp; Antti Snicker<\/strong>: <a rel=\"noreferrer noopener\" href=\"https:\/\/hpcfusion.bsc.es\/2023\/wp-content\/uploads\/sites\/7\/2023\/10\/Kurki-Suonio_et_Snicker_4thHPC-Fusion-Workshop.pdf\" target=\"_blank\">How to keep up with fast ions in the increasingly complex fusion devices?<\/a><\/td><td><\/td><\/tr><tr><td>11:00 &#8211; 11:20<\/td><td><em>Break <\/em><\/td><td><\/td><\/tr><tr><td><\/td><td><strong>Sessi\u00f3n: Gyrokinetics<br><\/strong><em>Chair: Y. Suzuki<\/em><\/td><td><\/td><\/tr><tr><td>11:20-<code>\u2060<\/code>11:50<\/td><td><strong><strong><strong>Fabien Widmer<\/strong>: <\/strong><\/strong><a rel=\"noreferrer noopener\" href=\"https:\/\/hpcfusion.bsc.es\/2023\/wp-content\/uploads\/sites\/7\/2023\/10\/Fabien-Widmer_4thHPC-Fusion-Workshop.pdf\" target=\"_blank\">Towards Self Consistent Tearing Mode Evolution and Micro-Turbulence Interaction in Gyrokinetics<\/a><\/td><td><\/td><\/tr><tr><td>11:50-<code>\u2060<\/code>12:20<\/td><td><strong><strong><strong>Jaya Kumar<\/strong>: <\/strong><\/strong><a rel=\"noreferrer noopener\" href=\"https:\/\/hpcfusion.bsc.es\/2023\/wp-content\/uploads\/sites\/7\/2023\/10\/Jaya-Kumar-4thHPC-Fusion-Workshop.pdf\" target=\"_blank\">Neural network assisted electrostatic global gyrokinetic toroidal code using cylindrical coordinates<\/a><\/td><td><\/td><\/tr><tr><td>12:20-<code>\u2060<\/code>13:50<\/td><td><em>Lunch Break<\/em><\/td><td><\/td><\/tr><tr><td>&nbsp;<\/td><td><strong>Session: Turbulent transport<br><\/strong><em>Chair: J. Garc\u00eda<\/em><\/td><td><\/td><\/tr><tr><td>13:50-<code>\u2060<\/code>14:35<\/td><td><strong><strong><strong>Jos\u00e9 Manuel Garc\u00eda-Rega\u00f1a<\/strong><\/strong><\/strong>:<strong><strong> <\/strong><\/strong><a rel=\"noreferrer noopener\" href=\"https:\/\/hpcfusion.bsc.es\/2023\/wp-content\/uploads\/sites\/7\/2023\/10\/JM_Garcia_Regana_4thHPC-Fusion-Workshop.pdf\" target=\"_blank\">Stellarator turbulence simulation in Europe: a tour of its latest achievements<\/a><\/td><td><\/td><\/tr><tr><td>14:35-<code>\u2060<\/code>15:05<\/td><td><strong><strong><strong>Alberto Mariani<\/strong>:<\/strong><\/strong> <a rel=\"noreferrer noopener\" href=\"https:\/\/hpcfusion.bsc.es\/2023\/wp-content\/uploads\/sites\/7\/2023\/10\/Mariani-Alberto_Abstract_HPC.pdf\" target=\"_blank\">Gyrokinetic and quasi-linear simulations of JET plasmas in view of DT operation<\/a><\/td><td><\/td><\/tr><tr><td>15:05-<code>\u2060<\/code>15:25<\/td><td><em>Break<\/em><\/td><td><\/td><\/tr><tr><td><\/td><td><strong>Session: Materials in nuclear fusion I<\/strong> <em>Chair: J. Gutierrez<\/em><br>(Principal Room)<\/td><td><strong>Session: Numerical Methods <\/strong><em>Chair: A. Mishchenko<\/em><br>(Room 2)<\/td><\/tr><tr><td>15:25-16:10<\/td><td><strong><strong><strong>Sergei Dudarev<\/strong>: <\/strong><\/strong><a rel=\"noreferrer noopener\" href=\"https:\/\/hpcfusion.bsc.es\/2023\/wp-content\/uploads\/sites\/7\/2023\/10\/Dudarev_4thHPC-Fusion-Workshop.pdf\" target=\"_blank\">The computational principles of a virtual tokamak reactor<\/a><\/td><td><\/td><\/tr><tr><td>16:10-<code>\u2060<\/code>16:40<\/td><td><strong>Prashant Dwivedi<\/strong>: <a rel=\"noreferrer noopener\" href=\"https:\/\/hpcfusion.bsc.es\/2023\/wp-content\/uploads\/sites\/7\/2023\/10\/Prashant_Dwivedi_Abstract-FHPC_2023.pdf\" target=\"_blank\">Unraveling the Atomic-Scale Dynamics of Dust-Wall Interactions in Tokamaks<\/a><\/td><td><\/td><\/tr><tr><td>16:40-17:00<\/td><td><strong><strong>\u00c1lvaro Lopez-Cazalilla<\/strong><\/strong>: <a rel=\"noreferrer noopener\" href=\"https:\/\/hpcfusion.bsc.es\/2023\/wp-content\/uploads\/sites\/7\/2023\/10\/Alvaro-Lopez_4thHPC-Fusion-Workshop.pdf\" target=\"_blank\">Mechanisms of bubble growth and blistering on metals exposed to hydrogen<\/a><\/td><td><strong><strong>Jan Eifert<\/strong>: <\/strong><a rel=\"noreferrer noopener\" href=\"https:\/\/hpcfusion.bsc.es\/2023\/wp-content\/uploads\/sites\/7\/2023\/10\/Wilhelm_HPC_Fusion_2023_abstract.pdf\" target=\"_blank\">Comparison of the Numerical Flow iteration to Lagrangian and Semi-Lagrangian schemes for the Vlasov system<\/a><\/td><\/tr><tr><td>17:00-\u206017:20<\/td><td><strong><strong><strong>Zichuan Anthony Xing<\/strong>: <\/strong><\/strong><a rel=\"noreferrer noopener\" href=\"https:\/\/hpcfusion.bsc.es\/2023\/wp-content\/uploads\/sites\/7\/2023\/10\/Anthony-Xing_4thHPC-Fusion-Workshop.pdf\" target=\"_blank\">Leveraging NERSC computing to support DIII-D operations through profile analysis and kinetic magnetic equilibrium reconstruction<\/a><\/td><td><strong><strong>Maria Chrysanthou<\/strong>: <\/strong> <a rel=\"noreferrer noopener\" href=\"https:\/\/hpcfusion.bsc.es\/2023\/wp-content\/uploads\/sites\/7\/2023\/10\/Maria-Chrysanthou_4thHPC-Fusion-Workshop.pdf\" target=\"_blank\">Numerical solutions of plasma flow in the presence of absolute vacuum<\/a><\/td><\/tr><\/tbody><\/table><\/figure>\n\n\n\n<p class=\"has-medium-font-size\"><strong><strong>Second day \u2013 30 November 2023<\/strong><br><strong>Timezone CET (Central European Time)<\/strong><\/strong><\/p>\n\n\n\n<figure class=\"wp-block-table\"><table class=\"has-fixed-layout\"><tbody><tr><td><\/td><td><strong>Main Room <\/strong><\/td><td><strong>Room 2<\/strong><\/td><\/tr><tr><td>9:00-<code>\u2060<\/code>9:05<\/td><td><em>Start Day 2<\/em><\/td><td>\ufeff<\/td><\/tr><tr><td>&nbsp;<\/td><td><strong>Session Neutronics<br><\/strong><em>Chair: I. Palermo<\/em><br>(Principal Room)<\/td><td><strong>Session: Gyrokinetics II<br><\/strong><em>Chair: A. Mishchenko<\/em><br>(Room 2)<\/td><\/tr><tr><td>9:05-<code>\u2060<\/code>9:50<\/td><td><strong>Andrew Davis: <\/strong><a rel=\"noreferrer noopener\" href=\"https:\/\/hpcfusion.bsc.es\/2023\/wp-content\/uploads\/sites\/7\/2023\/10\/Andrew-Davis_4thHPC-Fusion-Workshop.pdf\" target=\"_blank\">High Performance Multiphysics driven design for fusion systems<\/a><\/td><td>\ufeff<\/td><\/tr><tr><td>9:50-<code>\u2060<\/code>10:20<\/td><td><strong>Helen Brooks: <\/strong><a rel=\"noreferrer noopener\" href=\"https:\/\/hpcfusion.bsc.es\/2023\/wp-content\/uploads\/sites\/7\/2023\/10\/Helen-Brooks_4thHPC-Fusion-Workshop.pdf\" target=\"_blank\">GPU Acceleration of OpenMC Neutronics for Fusion Applications<\/a><\/td><td>\ufeff<\/td><\/tr><tr><td>10:20-<code>\u2060<\/code>10:40<\/td><td><strong>Arkady Serikov: <\/strong><a rel=\"noreferrer noopener\" href=\"https:\/\/hpcfusion.bsc.es\/2023\/wp-content\/uploads\/sites\/7\/2023\/10\/Serikov_4thHPC-Fusion-Workshop.pdf\" target=\"_blank\">Monte Carlo radiation transport parallel computations on Marconi-Fusion HPC for the IFMIF-DONES radiation shielding tasks<\/a><\/td><td><strong>Y. Narbut<\/strong>: <a href=\"https:\/\/hpcfusion.bsc.es\/2023\/wp-content\/uploads\/sites\/7\/2023\/10\/Narbutt2_4th-Fusion-HPC-Workshop-Abstract-.pdf\" target=\"_blank\" rel=\"noreferrer noopener\">Simulation of fully global electromagnetic turbulence in the stellarator W7-X<\/a><\/td><\/tr><tr><td>10:40-11:00<\/td><td><strong>Daniele Torsello<\/strong>: <a rel=\"noreferrer noopener\" href=\"https:\/\/hpcfusion.bsc.es\/2023\/wp-content\/uploads\/sites\/7\/2023\/10\/Torsello_Abstract_HPCFusion-Daniele-Torsello.pdf\" target=\"_blank\">Monte Carlo simulations of CAD-imported complex geometries for radiation damage in compact fusion reactors<\/a><\/td><td><strong>W. Lin<\/strong>: <a href=\"https:\/\/hpcfusion.bsc.es\/2023\/wp-content\/uploads\/sites\/7\/2023\/10\/Linwenhao_4thHPC-Fusion-Workshop.pdf\" target=\"_blank\" rel=\"noreferrer noopener\">Gyrokinetic simulations on the triggering and self-sustaining of internal transport barrier in HL-2A tokamak plasmas<\/a><\/td><\/tr><tr><td>11:00-11:20<\/td><td><em>Break<\/em><\/td><td>\ufeff<\/td><\/tr><tr><td>\ufeff<\/td><td>Session: <strong><em>Plasma MHD<\/em><\/strong><br><em>Chair: S. Futatani<\/em><br>(Principal room)<\/td><td><strong>Session: Materials in nuclear fusion II<\/strong> <em>Chair: J. Gutierrez<\/em><br>(Room 2)<\/td><\/tr><tr><td>11:20-<code>\u2060<\/code>11:50<\/td><td><strong>Federico Cipolletta: <\/strong><a rel=\"noreferrer noopener\" href=\"https:\/\/hpcfusion.bsc.es\/2023\/wp-content\/uploads\/sites\/7\/2023\/10\/FedericoCipolletta-HPC4Fusion2023.pdf\" target=\"_blank\">Code optimizations in the BSC Advanced Computing Hub: Implementation of matrix compression for the coupling of JOREK to the 3D realistic conducting wall structures<\/a><\/td><td>\ufeff<\/td><\/tr><tr><td>11:50-<code>\u2060<\/code>12:10<\/td><td><strong>Alexis Farmakalides<\/strong>: <a rel=\"noreferrer noopener\" href=\"https:\/\/hpcfusion.bsc.es\/2023\/wp-content\/uploads\/sites\/7\/2023\/10\/Alexis-Farmakalides_4thHPC-Fusion-Workshop.pdf\" target=\"_blank\">An all-Mach semi-implicit finite volume method for magnetically-dominated MHD<\/a><\/td><td><strong>F. J. Dominguez-Gutierrez: <\/strong><a href=\"https:\/\/hpcfusion.bsc.es\/2023\/wp-content\/uploads\/sites\/7\/2023\/10\/Javier-Dominguez-Abstract-HPC-Fusion-Workshop.pdf\" target=\"_blank\" rel=\"noreferrer noopener\">Threshold Displacement Energy Study in Tungsten: Combining Machine Learning and Classical MD Simulations<\/a><\/td><\/tr><tr><td>12:10-12:30<\/td><td><strong>Xudong Ke Lin: <\/strong><a rel=\"noreferrer noopener\" href=\"https:\/\/hpcfusion.bsc.es\/2023\/wp-content\/uploads\/sites\/7\/2023\/10\/X.-Ke-Lin_FusionHPCabstract.pdf\" target=\"_blank\">A novel algorithm for the accurate and fast solution of the two-fluid MHD equations<\/a><\/td><td><strong>Davide Gambino: <\/strong><a rel=\"noreferrer noopener\" href=\"https:\/\/hpcfusion.bsc.es\/2023\/wp-content\/uploads\/sites\/7\/2023\/10\/DGambino_4thHPC-Fusion-Workshop.pdf\" target=\"_blank\">Molecular dynamics investigation of radiation damage in high temperature superconducting tapes for compact fusion reactors<\/a><\/td><\/tr><tr><td>12:30-14:00<\/td><td><em>Lunck Break<\/em><\/td><td>\ufeff<\/td><\/tr><tr><td>\ufeff<\/td><td><strong>Session: Liquid metals MHD<\/strong> <em>Chair: I. Palermo<\/em><br>(Principal Room)<\/td><td><strong>Session: <em>Code optimization<\/em><\/strong><br><em>Chair: M. Mantsinen<\/em><br>(Room 2)<\/td><\/tr><tr><td>14:00-<code>\u2060<\/code>14:30<\/td><td><strong>Fernado Roca:<\/strong> <a rel=\"noreferrer noopener\" href=\"https:\/\/hpcfusion.bsc.es\/2023\/wp-content\/uploads\/sites\/7\/2023\/10\/Fernando-Roca-Urgorri_4thHPC-Fusion-Workshop.pdf\" target=\"_blank\">Accuracy and scalability of incompressible inductionless MHD codes applied to fusion technologies<\/a><\/td><td>\ufeff<\/td><\/tr><tr><td>14:30-<code>\u2060<\/code>14:50<\/td><td><strong>Pranav Puthan: <\/strong><a rel=\"noreferrer noopener\" href=\"https:\/\/hpcfusion.bsc.es\/2023\/wp-content\/uploads\/sites\/7\/2023\/10\/Pranav-Suresh_4thHPC-Fusion-Workshop.pdf\" target=\"_blank\">ALMA toolkit for simulation of magnetohydrodynamic duct flows<\/a><\/td><td><strong>Joan Vinyals<\/strong>: <a rel=\"noreferrer noopener\" href=\"https:\/\/hpcfusion.bsc.es\/2023\/wp-content\/uploads\/sites\/7\/2023\/10\/Joan-Vinyals_Fusion_HPC_Workshop_.pdf\" target=\"_blank\">Performance optimization of EUROFusion HPC code ERO2.0<\/a><\/td><\/tr><tr><td>14:50-15:10<\/td><td><strong>Daniel Suarez: <\/strong><a rel=\"noreferrer noopener\" href=\"https:\/\/hpcfusion.bsc.es\/2023\/wp-content\/uploads\/sites\/7\/2023\/10\/Daniel-Suarez-I-Cambra_abstract_HPC-Fusion-Workshop.pdf\" target=\"_blank\">Characterization of buoyancy-driven eddies of liquid metal MHD flows in breeding blankets<\/a><\/td><td><strong>Lorenzo Savino: <\/strong><a rel=\"noreferrer noopener\" href=\"https:\/\/hpcfusion.bsc.es\/2023\/wp-content\/uploads\/sites\/7\/2023\/10\/savino_abstract_fhpc.pdf\" target=\"_blank\">A GPU based 3D raytracing algorithm for DUED code<\/a><\/td><\/tr><tr><td>15:10-15:30<\/td><td><em>Break<\/em><\/td><td>\ufeff<\/td><\/tr><tr><td>\ufeff<\/td><td><strong>Session: Machine learning and optimization<\/strong><br><em>Chair: E. S\u00e1nchez<\/em><\/td><td>\ufeff<\/td><\/tr><tr><td>15:30-<code>\u2060<\/code>16:15<\/td><td><strong>Cristina Rea: <\/strong><a rel=\"noreferrer noopener\" href=\"https:\/\/hpcfusion.bsc.es\/2023\/wp-content\/uploads\/sites\/7\/2023\/10\/Rea_4thHPC-Fusion-Workshop.pdf\" target=\"_blank\">A review of explainable Machine Learning accelerating Fusion science<\/a><\/td><td>\ufeff<\/td><\/tr><tr><td>16:15-16:45<\/td><td><strong>Egemen Kolemen:<\/strong> <a rel=\"noreferrer noopener\" href=\"https:\/\/hpcfusion.bsc.es\/2023\/wp-content\/uploads\/sites\/7\/2023\/10\/Koleman_Abstract.pdf\" target=\"_blank\">Flexible and Fast Stellarator Optimization with DESC Suite<\/a><\/td><td>\ufeff<\/td><\/tr><tr><td>16:45-\u206017:00<\/td><td>Closing: <em>E. S\u00e1nchez<\/em><\/td><\/tr><\/tbody><\/table><\/figure>\n","protected":false},"excerpt":{"rendered":"<p>Program Keynote talks Speaker: Cristina Rea, from MIT, USA Title: A review of explainable Machine Learning accelerating Fusion science Speaker: Jos\u00e9 Manuel Garc\u00eda-Rega\u00f1a, from CIEMAT, SpainTitle: Stellarator turbulence simulation in Europe: a tour of its latest achievements Speaker: Gilles Fourestey, from EPFL, SwitzerlandTitle: How EUROfusion Advanced Computing Hubs leverage high-performance computing to accelerate research and &#8230; <a title=\"programme\" class=\"read-more\" href=\"https:\/\/hpcfusion.bsc.es\/2023\/programme_adv\/\" aria-label=\"More on programme\">Read more<\/a><\/p>\n","protected":false},"author":1,"featured_media":0,"parent":0,"menu_order":0,"comment_status":"closed","ping_status":"closed","template":"","meta":{"footnotes":""},"class_list":["post-630","page","type-page","status-publish"],"_links":{"self":[{"href":"https:\/\/hpcfusion.bsc.es\/2023\/wp-json\/wp\/v2\/pages\/630","targetHints":{"allow":["GET"]}}],"collection":[{"href":"https:\/\/hpcfusion.bsc.es\/2023\/wp-json\/wp\/v2\/pages"}],"about":[{"href":"https:\/\/hpcfusion.bsc.es\/2023\/wp-json\/wp\/v2\/types\/page"}],"author":[{"embeddable":true,"href":"https:\/\/hpcfusion.bsc.es\/2023\/wp-json\/wp\/v2\/users\/1"}],"replies":[{"embeddable":true,"href":"https:\/\/hpcfusion.bsc.es\/2023\/wp-json\/wp\/v2\/comments?post=630"}],"version-history":[{"count":55,"href":"https:\/\/hpcfusion.bsc.es\/2023\/wp-json\/wp\/v2\/pages\/630\/revisions"}],"predecessor-version":[{"id":1029,"href":"https:\/\/hpcfusion.bsc.es\/2023\/wp-json\/wp\/v2\/pages\/630\/revisions\/1029"}],"wp:attachment":[{"href":"https:\/\/hpcfusion.bsc.es\/2023\/wp-json\/wp\/v2\/media?parent=630"}],"curies":[{"name":"wp","href":"https:\/\/api.w.org\/{rel}","templated":true}]}}