{"id":83,"date":"2021-07-14T00:26:43","date_gmt":"2021-07-14T00:26:43","guid":{"rendered":"https:\/\/hpcfusion.bsc.es\/?page_id=83"},"modified":"2023-12-19T10:37:21","modified_gmt":"2023-12-19T10:37:21","slug":"media","status":"publish","type":"page","link":"https:\/\/hpcfusion.bsc.es\/2023\/media\/","title":{"rendered":"media"},"content":{"rendered":"\n<h2 class=\"wp-block-heading has-vivid-red-color has-text-color\">Media<\/h2>\n\n\n\n<hr class=\"wp-block-separator has-text-color has-black-color has-css-opacity has-black-background-color has-background aligncenter is-style-wide\" \/>\n\n\n\n<p style=\"font-size:25px\"> <strong>Video recordings<\/strong><\/p>\n\n\n\n<p class=\"has-normal-font-size\"><\/p>\n\n\n\n<figure class=\"wp-block-embed is-type-video is-provider-youtube wp-block-embed-youtube wp-embed-aspect-16-9 wp-has-aspect-ratio\"><div class=\"wp-block-embed__wrapper\">\n<iframe loading=\"lazy\" title=\"4th Fusion HPC Workshop- Day 1\" width=\"1200\" height=\"675\" src=\"https:\/\/www.youtube.com\/embed\/R1lLzmC6xrw?feature=oembed\" frameborder=\"0\" allow=\"accelerometer; autoplay; clipboard-write; encrypted-media; gyroscope; picture-in-picture; web-share\" allowfullscreen><\/iframe>\n<\/div><\/figure>\n\n\n\n<p><\/p>\n\n\n\n<figure class=\"wp-block-embed is-type-video is-provider-youtube wp-block-embed-youtube wp-embed-aspect-16-9 wp-has-aspect-ratio\"><div class=\"wp-block-embed__wrapper\">\n<iframe loading=\"lazy\" title=\"4th Fusion HPC Workshop - Day 2\" width=\"1200\" height=\"675\" src=\"https:\/\/www.youtube.com\/embed\/8V0TJUXKEhY?feature=oembed\" frameborder=\"0\" allow=\"accelerometer; autoplay; clipboard-write; encrypted-media; gyroscope; picture-in-picture; web-share\" allowfullscreen><\/iframe>\n<\/div><\/figure>\n\n\n\n<p class=\"has-normal-font-size\"><br>*Please note that not all talks are available.<\/p>\n\n\n\n<p class=\"has-normal-font-size\">*In the description of the videos you will find a direct link to the beginning of each talk.<\/p>\n\n\n\n<p style=\"font-size:25px\"><strong>Presentations<\/strong><\/p>\n\n\n\n<p><strong>Keynote talks<\/strong><\/p>\n\n\n\n<p><strong>Speaker:&nbsp;<\/strong>Cristina Rea, from MIT, USA<br><strong>Title:&nbsp;<\/strong><em>A review of explainable Machine Learning accelerating Fusion science<\/em><\/p>\n\n\n\n<p><a href=\"https:\/\/hpcfusion.bsc.es\/2023\/wp-content\/uploads\/sites\/7\/2023\/12\/Jose-Regana.pdf\" target=\"_blank\" rel=\"noreferrer noopener\"><strong>Speaker:<\/strong>&nbsp;Jos\u00e9 Manuel Garc\u00eda-Rega\u00f1a, from CIEMAT, Spain<br><strong>Title:<\/strong>&nbsp;<em>Stellarator turbulence simulation in Europe: a tour of its latest achievements<\/em><\/a><\/p>\n\n\n\n<p><a href=\"https:\/\/hpcfusion.bsc.es\/2023\/wp-content\/uploads\/sites\/7\/2023\/12\/Gilles_Fourestey-4th-fusion-workshop.pdf\" target=\"_blank\" rel=\"noreferrer noopener\"><strong>Speaker:<\/strong>&nbsp;Gilles Fourestey, from EPFL, Switzerland<br><strong>Title:&nbsp;<\/strong><em>How EUROfusion Advanced Computing Hubs leverage high-performance computing to accelerate research and engineering in nuclear fusion<\/em><\/a><\/p>\n\n\n\n<p><strong>Speaker:<\/strong>&nbsp;Sergei Dudarev, from CCFE, UK<br><strong>Title:<\/strong>&nbsp;<em>The computational principles of a virtual tokamak reactor<\/em><\/p>\n\n\n\n<p><a href=\"https:\/\/hpcfusion.bsc.es\/2023\/wp-content\/uploads\/sites\/7\/2023\/12\/Andrew-Davis1.pdf\" target=\"_blank\" rel=\"noreferrer noopener\"><strong>Speaker:<\/strong>&nbsp;Andrew Davis, from CCFE, UK<br><strong>Title<\/strong>:&nbsp;<em>High Performance Multiphysics driven design for fusion systems<\/em><\/a><\/p>\n\n\n\n<p><strong>Invited talks<\/strong><\/p>\n\n\n\n<ul class=\"wp-block-list\">\n<li><a href=\"https:\/\/hpcfusion.bsc.es\/2023\/wp-content\/uploads\/sites\/7\/2023\/12\/Gibbon_FusionHPC_2023.pdf\" target=\"_blank\" rel=\"noreferrer noopener\">P. Gibbon (Focused Energy GmbH) Multi-scale simulations of proton-driven fast ignition of inertial fusion targets<\/a><\/li>\n\n\n\n<li><a href=\"https:\/\/hpcfusion.bsc.es\/2023\/wp-content\/uploads\/sites\/7\/2023\/12\/Snicker-kurki.pdf\" target=\"_blank\" rel=\"noreferrer noopener\">T. Kurki-Suonio &amp; A. Snicker (Aalto University (TKS) and VTT Technical Research Centre of Finland Ud.): How to keep up with fast ions in the increasingly complex fusion devices? <\/a><\/li>\n\n\n\n<li><a href=\"https:\/\/hpcfusion.bsc.es\/2023\/wp-content\/uploads\/sites\/7\/2023\/12\/Fabien-Widmer1.pdf\" target=\"_blank\" rel=\"noreferrer noopener\">F. Widmer (National Institutes of Natural Sciences) Towards Self Consistent Tearing Mode Evolution and Micro-Turbulence Interaction in Gyrokinetics<\/a><\/li>\n\n\n\n<li><a href=\"https:\/\/hpcfusion.bsc.es\/2023\/wp-content\/uploads\/sites\/7\/2023\/12\/Jaya-Kumar-1.pdf\" target=\"_blank\" rel=\"noreferrer noopener\">J. Kumar (Indian Institute of Science, Bangalore): Neural network assisted electrostatic global gyrokinetic toroidal code using cylindrical coordinates<\/a><\/li>\n\n\n\n<li><a href=\"https:\/\/hpcfusion.bsc.es\/2023\/wp-content\/uploads\/sites\/7\/2023\/12\/Alberto-Mariani.pdf\" target=\"_blank\" rel=\"noreferrer noopener\">A. Mariani (Istituto per la Scienza e Tecnologia dei Plasmi): Gyrokinetic and quasi-linear simulations of JET plasmas in view of DT operation<\/a><\/li>\n\n\n\n<li>P. Dwivedi (Czech Technical University in Prague) Unraveling the Atomic-Scale Dynamics of Dust-Wall Interactions in Tokamaks<\/li>\n\n\n\n<li><a href=\"https:\/\/hpcfusion.bsc.es\/2023\/wp-content\/uploads\/sites\/7\/2023\/12\/Helen-brooks-hpcfusion-2023.pdf\" target=\"_blank\" rel=\"noreferrer noopener\">H. Brooks (UK Atomic Energy Authority): GPU Acceleration of OpenMC Neutronics for Fusion Applications<\/a><\/li>\n\n\n\n<li><a href=\"https:\/\/hpcfusion.bsc.es\/2023\/wp-content\/uploads\/sites\/7\/2023\/12\/Federico-Cipolletta2.pdf\" target=\"_blank\" rel=\"noreferrer noopener\">F. Cipolletta (Barcelona Supercomputing Center): Code optimizations in the BSC Advanced Computing Hub: Implementation of matrix compression for the coupling of JOREK to the 3D realistic conducting wall structures<\/a><\/li>\n\n\n\n<li><a href=\"https:\/\/hpcfusion.bsc.es\/2023\/wp-content\/uploads\/sites\/7\/2023\/12\/FernandoRoca.pdf\">F. Roca (National Fusion Laboratory, CIEMAT): Accuracy and scalability of incompressible inductionless MHD codes applied to fusion technologies<\/a><\/li>\n\n\n\n<li><a href=\"https:\/\/hpcfusion.bsc.es\/2023\/wp-content\/uploads\/sites\/7\/2023\/12\/Egemen-kolemen_vs1.pdf\" target=\"_blank\" rel=\"noreferrer noopener\">E. Kolemen (Princeton University): Flexible and Fast Stellarator Optimization with DESC Suite<\/a><\/li>\n<\/ul>\n\n\n\n<p><strong>Contributed talks<\/strong><\/p>\n\n\n\n<ul class=\"wp-block-list\">\n<li><a href=\"https:\/\/hpcfusion.bsc.es\/2023\/wp-content\/uploads\/sites\/7\/2023\/12\/Alvaro-Lopez-Cazalilla.pdf\" target=\"_blank\" rel=\"noreferrer noopener\">A. Lopez-Cazalilla (University of Helsinki): Mechanisms of bubble growth and blistering on metals exposed to hydrogen<\/a><\/li>\n\n\n\n<li><a href=\"https:\/\/hpcfusion.bsc.es\/2023\/wp-content\/uploads\/sites\/7\/2023\/12\/Jan_Eifert.pdf\" target=\"_blank\" rel=\"noreferrer noopener\">J. Eifert (RWTH Aachen): Comparison of the Numerical Flow iteration to Lagrangian and Semi-Lagrangian schemes for the Vlasov system<\/a><\/li>\n\n\n\n<li><a href=\"https:\/\/hpcfusion.bsc.es\/2023\/wp-content\/uploads\/sites\/7\/2023\/12\/Z-Anthony-Xing.pdf\" target=\"_blank\" rel=\"noreferrer noopener\">Z. A. Xing (General Atomics): Leveraging NERSC computing to support DIII-D operations through profile analysis and kinetic magnetic equilibrium reconstruction<\/a><\/li>\n\n\n\n<li><a href=\"https:\/\/hpcfusion.bsc.es\/2023\/wp-content\/uploads\/sites\/7\/2023\/12\/Maria-Chrysanthou.pdf\" target=\"_blank\" rel=\"noreferrer noopener\">M. Chrysanthou (Laboratory for Scientific Computing, University of Cambridge): Numerical solutions of plasma flow in the presence of absolute vacuum<\/a><\/li>\n\n\n\n<li><a href=\"https:\/\/hpcfusion.bsc.es\/2023\/wp-content\/uploads\/sites\/7\/2023\/12\/Arkady-Serikov1.pdf\" target=\"_blank\" rel=\"noreferrer noopener\">A. Serikov (Karlsruhe Institute of Technology (KIT) and Institute for Neutron Physics and Reactor Technology (INR)): Monte Carlo radiation transport parallel computations on Marconi-Fusion HPC for the IFMIF-DONES radiation shielding tasks<\/a><\/li>\n\n\n\n<li><a href=\"https:\/\/hpcfusion.bsc.es\/2023\/wp-content\/uploads\/sites\/7\/2023\/12\/HPC-2023-Narbutt.pdf\" target=\"_blank\" rel=\"noreferrer noopener\">Y. Narbut (Max-Planck-Institute for Plasma Physics): Simulation of fully global electromagnetic turbulence in the stellarator W7-X<\/a><\/li>\n\n\n\n<li>D. Torsello (Politecnico di Torino) Monte Carlo simulations of CAD-imported complex geometries for radiation damage in compact fusion reactors<\/li>\n\n\n\n<li><a href=\"https:\/\/hpcfusion.bsc.es\/2023\/wp-content\/uploads\/sites\/7\/2023\/12\/Lin-Wenhao.pdf\">W. Lin (Southwestern Institute of Physics): Gyrokinetic simulations on the triggering and self-sustaining of internal transport barrier in HL-2A tokamak plasmas<\/a><\/li>\n\n\n\n<li><a href=\"https:\/\/hpcfusion.bsc.es\/2023\/wp-content\/uploads\/sites\/7\/2023\/12\/Alexander-Farmakalides.pdf\" target=\"_blank\" rel=\"noreferrer noopener\">A. Farmakalides (University of Cambridge): An all-Mach semi-implicit finite volume method for magnetically-dominated MHD<\/a><\/li>\n\n\n\n<li><a href=\"https:\/\/hpcfusion.bsc.es\/2023\/wp-content\/uploads\/sites\/7\/2023\/12\/Javier-Dominguez.pdf\" target=\"_blank\" rel=\"noreferrer noopener\">F. J. Dominguez-Gutierrez (NOMATEN Centre of Excellence, National Centre for Nuclear Research): Threshold Displacement Energy Study in Tungsten: Combining Machine Learning and Classical MD Simulations<\/a><\/li>\n\n\n\n<li><a href=\"https:\/\/hpcfusion.bsc.es\/2023\/wp-content\/uploads\/sites\/7\/2023\/12\/Xudong-Ke-Lin.pdf\" target=\"_blank\" rel=\"noreferrer noopener\">X. K. Lin (University of Cambridge): A novel algorithm for the accurate and fast solution of the two-fluid MHD equations<\/a><\/li>\n\n\n\n<li><a href=\"https:\/\/hpcfusion.bsc.es\/2023\/wp-content\/uploads\/sites\/7\/2023\/12\/Davide_Gambino_for_sharing-1.pdf\" target=\"_blank\" rel=\"noreferrer noopener\">D. Gambino (Department of Physics, Chemistry and Biology, Link\u00f6ping University, Link\u00f6ping): Molecular dynamics investigation of radiation damage in high temperature superconducting tapes for compact fusion reactors<\/a><\/li>\n\n\n\n<li><a href=\"https:\/\/hpcfusion.bsc.es\/2023\/wp-content\/uploads\/sites\/7\/2023\/12\/Pranav_FusionHPC.pdf\" target=\"_blank\" rel=\"noreferrer noopener\">P. Puthan (Oak Ridge Associated Universities) ALMA toolkit for simulation of magnetohydrodynamic duct flows<\/a><\/li>\n\n\n\n<li><a href=\"https:\/\/hpcfusion.bsc.es\/2023\/wp-content\/uploads\/sites\/7\/2023\/12\/Joan-Vinyals.pdf\" target=\"_blank\" rel=\"noreferrer noopener\">J. Vinyals (Barcelona Supercomputing Center): Performance optimization of EUROFusion HPC code ERO2.0<\/a><\/li>\n\n\n\n<li><a href=\"https:\/\/hpcfusion.bsc.es\/2023\/wp-content\/uploads\/sites\/7\/2023\/12\/Daniel-Suarez-slides.pdf\" target=\"_blank\" rel=\"noreferrer noopener\">D. Suarez (Oak Ridge National Laboratory): Characterization of buoyancy-driven eddies of liquid metal MHD flows in breeding blankets<\/a><\/li>\n\n\n\n<li><a href=\"https:\/\/hpcfusion.bsc.es\/2023\/wp-content\/uploads\/sites\/7\/2023\/12\/Lorenzo-Savino_hpc_fusion_2023.pdf\" target=\"_blank\" rel=\"noreferrer noopener\">L. Savino (Sapienza University of Rome): A GPU based 3D raytracing algorithm for DUED code<\/a><\/li>\n<\/ul>\n","protected":false},"excerpt":{"rendered":"<p>Media Video recordings *Please note that not all talks are available. *In the description of the videos you will find a direct link to the beginning of each talk. Presentations Keynote talks Speaker:&nbsp;Cristina Rea, from MIT, USATitle:&nbsp;A review of explainable Machine Learning accelerating Fusion science Speaker:&nbsp;Jos\u00e9 Manuel Garc\u00eda-Rega\u00f1a, from CIEMAT, SpainTitle:&nbsp;Stellarator turbulence simulation in Europe: &#8230; <a title=\"media\" class=\"read-more\" href=\"https:\/\/hpcfusion.bsc.es\/2023\/media\/\" aria-label=\"More on media\">Read more<\/a><\/p>\n","protected":false},"author":1,"featured_media":0,"parent":0,"menu_order":0,"comment_status":"closed","ping_status":"closed","template":"","meta":{"footnotes":""},"class_list":["post-83","page","type-page","status-publish"],"_links":{"self":[{"href":"https:\/\/hpcfusion.bsc.es\/2023\/wp-json\/wp\/v2\/pages\/83","targetHints":{"allow":["GET"]}}],"collection":[{"href":"https:\/\/hpcfusion.bsc.es\/2023\/wp-json\/wp\/v2\/pages"}],"about":[{"href":"https:\/\/hpcfusion.bsc.es\/2023\/wp-json\/wp\/v2\/types\/page"}],"author":[{"embeddable":true,"href":"https:\/\/hpcfusion.bsc.es\/2023\/wp-json\/wp\/v2\/users\/1"}],"replies":[{"embeddable":true,"href":"https:\/\/hpcfusion.bsc.es\/2023\/wp-json\/wp\/v2\/comments?post=83"}],"version-history":[{"count":49,"href":"https:\/\/hpcfusion.bsc.es\/2023\/wp-json\/wp\/v2\/pages\/83\/revisions"}],"predecessor-version":[{"id":1110,"href":"https:\/\/hpcfusion.bsc.es\/2023\/wp-json\/wp\/v2\/pages\/83\/revisions\/1110"}],"wp:attachment":[{"href":"https:\/\/hpcfusion.bsc.es\/2023\/wp-json\/wp\/v2\/media?parent=83"}],"curies":[{"name":"wp","href":"https:\/\/api.w.org\/{rel}","templated":true}]}}