{"id":60,"date":"2021-07-13T17:14:39","date_gmt":"2021-07-13T17:14:39","guid":{"rendered":"https:\/\/hpcfusion.bsc.es\/?page_id=60"},"modified":"2024-05-16T12:13:16","modified_gmt":"2024-05-16T12:13:16","slug":"progcom","status":"publish","type":"page","link":"https:\/\/hpcfusion.bsc.es\/2024\/progcom\/","title":{"rendered":"progcom"},"content":{"rendered":"\n<h2 class=\"wp-block-heading has-vivid-red-color has-text-color\">Program committee<\/h2>\n\n\n\n<hr class=\"wp-block-separator has-text-color has-black-color has-css-opacity has-black-background-color has-background aligncenter is-style-wide\" \/>\n\n\n\n<p>Program committee members:<\/p>\n\n\n\n<figure class=\"wp-block-table is-style-stripes\"><table><tbody><tr><td><strong>Mar\u00eda Jos\u00e9 Caturla<\/strong><\/td><td>Universidad de Alicante, Spain<\/td><\/tr><tr><td><strong>Shimpei Futatani<\/strong><\/td><td>UPC &#8211; Barcelona, Spain<\/td><\/tr><tr><td><strong>Jer\u00f3nimo Garc\u00eda <\/strong><\/td><td>CEA &#8211; Cadarache, France<\/td><\/tr><tr><td><strong>Mervi Mantsinen<\/strong><\/td><td>BSC and ICREA &#8211; Barcelona, Spain<\/td><\/tr><tr><td><strong>Alexey Mishchenko<\/strong><\/td><td>Max Planck IPP, Germany<\/td><\/tr><tr><td><strong>Iole Palermo<\/strong><\/td><td>CIEMAT, Spain<\/td><\/tr><tr><td><strong>Edilberto S\u00e1nchez (Chair)<\/strong><\/td><td>CIEMAT, Spain<\/td><\/tr><tr><td><strong>Yasuhiro Suzuki<\/strong><\/td><td>University Hiroshima, Japan<\/td><\/tr><\/tbody><\/table><\/figure>\n\n\n\n<p>Local organizers:<\/p>\n\n\n\n<figure class=\"wp-block-table is-style-stripes\"><table><tbody><tr><td><strong>Aerton Guimar\u00e3es<\/strong><\/td><td class=\"has-text-align-left\" data-align=\"left\">BSC &#8211; Barcelona, Spain<\/td><\/tr><tr><td><strong><strong>M<\/strong>ar\u00eda<\/strong> <strong>Paz Baghetti<\/strong><\/td><td class=\"has-text-align-left\" data-align=\"left\">BSC &#8211; Barcelona, Spain                    <\/td><\/tr><tr><td><strong>Xavier S\u00e1ez<\/strong><\/td><td class=\"has-text-align-left\" data-align=\"left\">BSC &#8211; Barcelona, Spain<\/td><\/tr><\/tbody><\/table><\/figure>\n\n\n\n<p><\/p>\n","protected":false},"excerpt":{"rendered":"<p>Program committee Program committee members: Mar\u00eda Jos\u00e9 Caturla Universidad de Alicante, Spain Shimpei Futatani UPC &#8211; Barcelona, Spain Jer\u00f3nimo Garc\u00eda CEA &#8211; Cadarache, France Mervi Mantsinen BSC and ICREA &#8211; Barcelona, Spain Alexey Mishchenko Max Planck IPP, Germany Iole Palermo CIEMAT, Spain Edilberto S\u00e1nchez (Chair) CIEMAT, Spain Yasuhiro Suzuki University Hiroshima, Japan Local organizers: Aerton &#8230; <a title=\"progcom\" class=\"read-more\" href=\"https:\/\/hpcfusion.bsc.es\/2024\/progcom\/\" aria-label=\"More on progcom\">Read more<\/a><\/p>\n","protected":false},"author":1,"featured_media":0,"parent":0,"menu_order":0,"comment_status":"closed","ping_status":"closed","template":"","meta":{"footnotes":""},"class_list":["post-60","page","type-page","status-publish"],"_links":{"self":[{"href":"https:\/\/hpcfusion.bsc.es\/2024\/wp-json\/wp\/v2\/pages\/60","targetHints":{"allow":["GET"]}}],"collection":[{"href":"https:\/\/hpcfusion.bsc.es\/2024\/wp-json\/wp\/v2\/pages"}],"about":[{"href":"https:\/\/hpcfusion.bsc.es\/2024\/wp-json\/wp\/v2\/types\/page"}],"author":[{"embeddable":true,"href":"https:\/\/hpcfusion.bsc.es\/2024\/wp-json\/wp\/v2\/users\/1"}],"replies":[{"embeddable":true,"href":"https:\/\/hpcfusion.bsc.es\/2024\/wp-json\/wp\/v2\/comments?post=60"}],"version-history":[{"count":24,"href":"https:\/\/hpcfusion.bsc.es\/2024\/wp-json\/wp\/v2\/pages\/60\/revisions"}],"predecessor-version":[{"id":1132,"href":"https:\/\/hpcfusion.bsc.es\/2024\/wp-json\/wp\/v2\/pages\/60\/revisions\/1132"}],"wp:attachment":[{"href":"https:\/\/hpcfusion.bsc.es\/2024\/wp-json\/wp\/v2\/media?parent=60"}],"curies":[{"name":"wp","href":"https:\/\/api.w.org\/{rel}","templated":true}]}}