{"id":60,"date":"2021-07-13T17:14:39","date_gmt":"2021-07-13T17:14:39","guid":{"rendered":"https:\/\/hpcfusion.bsc.es\/?page_id=60"},"modified":"2026-02-11T20:15:56","modified_gmt":"2026-02-11T18:15:56","slug":"progcom","status":"publish","type":"page","link":"https:\/\/hpcfusion.bsc.es\/2026\/progcom\/","title":{"rendered":"progcom"},"content":{"rendered":"\n<h2 class=\"wp-block-heading has-vivid-red-color has-text-color\">Program committee<\/h2>\n\n\n\n<hr class=\"wp-block-separator has-text-color has-black-color has-css-opacity has-black-background-color has-background aligncenter is-style-wide\"\/>\n\n\n\n<p>Program committee members:<\/p>\n\n\n\n<figure class=\"wp-block-table is-style-stripes\"><table><tbody><tr><td><strong>Alexey Mishchenko<\/strong><\/td><td>Max Planck IPP, Germany<\/td><\/tr><tr><td><strong>Edilberto S\u00e1nchez <\/strong><\/td><td>CIEMAT, Spain<\/td><\/tr><tr><td><strong>Helen Brooks<\/strong><\/td><td>UKAEA, United Kingdom<\/td><\/tr><tr><td><strong>Iole Palermo<\/strong><\/td><td>CIEMAT, Spain<\/td><\/tr><tr><td><strong>Mar\u00eda Jos\u00e9 Caturla<\/strong><\/td><td>University of Alicante, Spain<\/td><\/tr><tr><td><strong>Mervi Mantsinen (Chair)<\/strong><\/td><td>Barcelona Supercomputing Center (BSC) and ICREA, Spain<\/td><\/tr><tr><td><strong>Shimpei Futatani<\/strong><\/td><td>National Institutes for Quantum Science and Technology (QST), Japan, and Universitat Polit\u00e8cnica de Catalunya (UPC), Spain<\/td><\/tr><tr><td><strong>Yasuhiro Suzuki<\/strong><\/td><td>University Hiroshima, Japan<\/td><\/tr><\/tbody><\/table><\/figure>\n\n\n\n<p>Local organizers:<\/p>\n\n\n\n<figure class=\"wp-block-table is-style-stripes\"><table><tbody><tr><td><strong>Aerton Guimar\u00e3es<\/strong><\/td><td class=\"has-text-align-left\" data-align=\"left\">BSC &#8211; Barcelona, Spain<\/td><\/tr><tr><td><strong><strong>M<\/strong>ar\u00eda<\/strong> <strong>Paz Baghetti<\/strong><\/td><td class=\"has-text-align-left\" data-align=\"left\">BSC &#8211; Barcelona, Spain                    <\/td><\/tr><tr><td><strong>Xavier S\u00e1ez<\/strong><\/td><td class=\"has-text-align-left\" data-align=\"left\">BSC &#8211; Barcelona, Spain<\/td><\/tr><\/tbody><\/table><\/figure>\n\n\n\n<p><\/p>\n","protected":false},"excerpt":{"rendered":"<p>Program committee Program committee members: Alexey Mishchenko Max Planck IPP, Germany Edilberto S\u00e1nchez CIEMAT, Spain Helen Brooks UKAEA, United Kingdom Iole Palermo CIEMAT, Spain Mar\u00eda Jos\u00e9 Caturla University of Alicante, Spain Mervi Mantsinen (Chair) Barcelona Supercomputing Center (BSC) and ICREA, Spain Shimpei Futatani National Institutes for Quantum Science and Technology (QST), Japan, and Universitat Polit\u00e8cnica &#8230; <a title=\"progcom\" class=\"read-more\" href=\"https:\/\/hpcfusion.bsc.es\/2026\/progcom\/\" aria-label=\"More on progcom\">Read more<\/a><\/p>\n","protected":false},"author":1,"featured_media":0,"parent":0,"menu_order":0,"comment_status":"closed","ping_status":"closed","template":"","meta":{"footnotes":""},"class_list":["post-60","page","type-page","status-publish"],"_links":{"self":[{"href":"https:\/\/hpcfusion.bsc.es\/2026\/wp-json\/wp\/v2\/pages\/60","targetHints":{"allow":["GET"]}}],"collection":[{"href":"https:\/\/hpcfusion.bsc.es\/2026\/wp-json\/wp\/v2\/pages"}],"about":[{"href":"https:\/\/hpcfusion.bsc.es\/2026\/wp-json\/wp\/v2\/types\/page"}],"author":[{"embeddable":true,"href":"https:\/\/hpcfusion.bsc.es\/2026\/wp-json\/wp\/v2\/users\/1"}],"replies":[{"embeddable":true,"href":"https:\/\/hpcfusion.bsc.es\/2026\/wp-json\/wp\/v2\/comments?post=60"}],"version-history":[{"count":27,"href":"https:\/\/hpcfusion.bsc.es\/2026\/wp-json\/wp\/v2\/pages\/60\/revisions"}],"predecessor-version":[{"id":1550,"href":"https:\/\/hpcfusion.bsc.es\/2026\/wp-json\/wp\/v2\/pages\/60\/revisions\/1550"}],"wp:attachment":[{"href":"https:\/\/hpcfusion.bsc.es\/2026\/wp-json\/wp\/v2\/media?parent=60"}],"curies":[{"name":"wp","href":"https:\/\/api.w.org\/{rel}","templated":true}]}}