{"id":630,"date":"2022-09-16T16:27:55","date_gmt":"2022-09-16T16:27:55","guid":{"rendered":"https:\/\/hpcfusion.bsc.es\/?page_id=630"},"modified":"2026-02-23T12:51:57","modified_gmt":"2026-02-23T10:51:57","slug":"programme_adv","status":"publish","type":"page","link":"https:\/\/hpcfusion.bsc.es\/2026\/programme_adv\/","title":{"rendered":"Programme"},"content":{"rendered":"\n<h2 class=\"wp-block-heading has-vivid-red-color has-text-color\">Programme<\/h2>\n\n\n\n<hr class=\"wp-block-separator has-text-color has-black-color has-css-opacity has-black-background-color has-background aligncenter is-style-wide\"\/>\n\n\n\n<p class=\"has-vivid-red-color has-text-color has-medium-font-size\"><strong>Keynote talks<\/strong><\/p>\n\n\n\n<p><strong>Speaker:<\/strong> Alba Cervera (Barcelona Supercomputing Center, Spain)<br><strong>Title: <\/strong><em>Quantum-HPC integration: state-of-the-art, challenges and opportunities<\/em><\/p>\n\n\n\n<p><strong>Speaker:<\/strong> Carolin Nuehrenberg (Max Planck Institute for Plasma Physics, Germany)<br><strong>Title:<\/strong> <em>Gyrokinetic simulations for stellarator plasmas<\/em><\/p>\n\n\n\n<p><strong>Speaker:<\/strong> Hiroyuki Yamaguchi (National Institute for Fusion Science, Japan)<br><strong>Title<\/strong>: <em>Design activity of a flexible stellarator in National Institute for Fusion Science<\/em><\/p>\n\n\n\n<p><strong>Speaker:<\/strong> Jaime Marian (University of California Los Angeles, USA)<br><strong>Titile: <\/strong><em>Multiscale materials modeling for simulating the response of structural materials to fusion reactor conditions<\/em><\/p>\n\n\n\n<p><strong>Speaker: <\/strong>Misun Min (Argonne National Laboratory, USA)<br><strong>Title: <\/strong><em>Exascale MHD simulations for liquid metal fusion blankets<\/em><\/p>\n\n\n\n<p><strong>Speaker:<\/strong> Pablo Rodriguez-Fernandez (MIT Plasma Science and Fusion Center, USA)<br><strong>Title:<\/strong> <em>On the use of surrogate-based optimization methods<\/em><\/p>\n\n\n\n<p class=\"has-vivid-red-color has-text-color has-medium-font-size\"><strong>Invited talks<\/strong><\/p>\n\n\n\n<ul class=\"wp-block-list\">\n<li>Alvaro Martinez Pechero (University of Oxford): OXFORD-UMAT, the Crystal Plasticity code used to address STEP materials<\/li>\n\n\n\n<li>\u00c1lex Panera \u00c1lvarez (DIFFER): Pellet Fueling: AI-Enhanced Surrogate Modeling and Integrated Modeling<\/li>\n\n\n\n<li>Caoxiang Zhu (University of Science and Technology of China): Optimizing Stellarators with Hidden Symmetry<\/li>\n\n\n\n<li>Evgeny Adishchev (Next Step Fusion s.a.r.l.): Reinforcement Learning Controllers for Fusion Scenario Development and Control<\/li>\n\n\n\n<li>Jes\u00fas Jos\u00e9 Dom\u00ednguez-Palacios Dur\u00e1n (Fiat Lux LLC): Extended-MHD modeling of a Wide Pedestal Quiescent H-mode DIII-D plasma including multispecies collisional effects<\/li>\n\n\n\n<li>Tyler Brandes (Department of Physics, University of Wisconsin\u2013Madison): Modelling MHD Pressure Drop in Pumped Liquid Metal Fusion Blankets<\/li>\n<\/ul>\n\n\n\n<p class=\"has-vivid-red-color has-text-color has-medium-font-size\"><strong>Contributed talks<\/strong><\/p>\n\n\n\n<ul class=\"wp-block-list\">\n<li>Abhishek Tiwari (Indian Institue of Science): Zonal flow suppression of turbulent transport in the optimized stellarators W7-X and QSTK<\/li>\n\n\n\n<li>Albert Civit-Bertran (Universitat Polit\u00e8cnica de Catalunya): Analysis of 3D non-linear MHD simulations of core density collapse event in LHD plasma<\/li>\n\n\n\n<li>Alberto Bottino (Max Planck Institute for Plasma Physics): Time evolving control variates in global particle-in-cell simulations<\/li>\n\n\n\n<li>Alberto Fraile (Catalan Institute of Nanoscience and Nanotechnology (ICN2), BIST &amp; CSIC): High velocity impacts on plasma facing materials. Vacancies, He, He bubbles, and polycrystalline targets<\/li>\n\n\n\n<li>\u00c1lvaro L\u00f3pez Cazalilla (BSC): The role and efficiency of machine-learning interatomic potential in the hydrogen-induced bubble growth in metals<\/li>\n\n\n\n<li>Arkady Serikov (Karlsruhe Institute of Technology (KIT): Pitagora HPC neutronics computations for the nuclear safety and radwaste issues of the IFMIF-DONES Target Assembly<\/li>\n\n\n\n<li>Augusto Maidana (BSC): Porting ERO2.0 to exascale GPU architectures<\/li>\n\n\n\n<li>Cristian Diego Denton Zanello (Universidad de Alicante): Molecular dynamics study of He bubbles in FeCr<\/li>\n\n\n\n<li>Daniel Ward (Hartree Centre, STFC, UKRI): Progress towards a scalable liquid-metal MHD solver in MFEM for fusion breeding blankets<\/li>\n\n\n\n<li>Enrique Zapata Cornejo (MIT PSFC): Discovering features for confinement regime operational spaces using classification and Bayesian optimization<\/li>\n\n\n\n<li>Edoardo Carr\u00e0 (Max Planck Institute for Plasma Physics): GPU Acceleration of Hybrid Fluid-Kinetic Simulations of Runaway Electrons in JOREK<\/li>\n\n\n\n<li>Efstratios Koukoutsis (School of Electrical and Computer Engineering, National Technical University of Athens): Quantum Simulation of Transient Scattering: From Dielectrics to Plasmas<\/li>\n\n\n\n<li>Fabio Calzavara (Politecnico di Torino): Systematic Monte Carlo analysis of binary compounds for neutron shielding in a compact nuclear fusion reactor<\/li>\n\n\n\n<li>Federico Ledda (Politecnico di Torino, Department of Applied Science and Technology): Atomistic simulation framework for radiation damage assessment in YBCO<\/li>\n\n\n\n<li>Foteini Litovoli (Karlsruhe Institute of Technology): Stochastic modeling and numerical analysis of the DEMO divertor via 3D DSMC simulations<\/li>\n\n\n\n<li>Giorgio Daneri (Max Planck Institute for Plasma Physics): GPU Acceleration and Portability of the TRIMEG Code for Global Gyrokinetic Plasma Simulations using OpenMP<\/li>\n\n\n\n<li>Giorgio Lo Presti (INFN-LNS \/ CNR-IMM): Fast dimensional extensions of multicomponent 0D plasma models for multiscale applications to fusion reactors<\/li>\n\n\n\n<li>Henrique Bergallo Rocha (United Kingdom Atomic Energy Authority): New Developments in MFEM-Enabled MOOSE Simulations<\/li>\n\n\n\n<li>Jie Huang (Southwestern Institute of Physics): Integrated 3D Nonlinear Simulation of Edge Localized Mode Dynamics in the HL-3 Tokamak<\/li>\n\n\n\n<li>Jintong Wu (University of Helsinki): Unveiling long-term defect evolution in fusion materials: a dynamic coupling of Molecular Dynamics with Object Kinetic Monte Carlo for iron and tungsten<\/li>\n\n\n\n<li>Kalp Pandya (Junior Research Fellow at Smart Energy Learning Center): Fourier Neural Operator based Surrogate Modeling for Accelarated Plasma Simulations<\/li>\n\n\n\n<li>Libin Varghesen (Dhirubhai Ambani University (DAU): An Adaptive Self-Aware Sorting Mechanism for Improving Performance of Particle-In-Cell Codes<\/li>\n\n\n\n<li>Mary Kate Chessey (BSC): Atomic-scale study of defect-induced thermal conductivity degradation in irradiated tungsten using non-equilibrium molecular dynamics (NEMD) and the Creation Relaxation Algorithm (CRA)<\/li>\n\n\n\n<li>Niccol\u00f2 Di Eugenio (Department of Applied Science and Technology, Politecnico di Torino): Machine-Learning Interatomic Potentials for Radiation Damage Analysis in High-Temperature Superconductors<\/li>\n\n\n\n<li>\u00d3scar Amaro (1 GoLP\/Instituto de Plasma e Fus\u00e3o Nuclear, Instituto Superior T\u00e9cnico, Universidade de Lisboa): Extracting Plasma Dispersion Relations using a Quantum Algorithm<\/li>\n\n\n\n<li>Pedro, J. Delgado (Consorcio IFMIF-DONES): Development of a Fe-C fusion ready potential within the NEP approach<\/li>\n\n\n\n<li>Pranav Puthan (UK Atomic Energy Authority, Culham campus): Analysis and Validation of Liquid-Metal Magnetohydrodynamic (MHD) Turbulence for Multiphysics Fusion Applications<\/li>\n<\/ul>\n\n\n\n<p class=\"has-medium-font-size\"><strong>First day \u2013 24 February 2026<\/strong><br><strong>Timezone CET (Central European Time)<\/strong><\/p>\n\n\n\n<figure class=\"wp-block-table\"><table class=\"has-fixed-layout\"><tbody><tr><td><strong>Time<\/strong><\/td><td><strong>Room<\/strong> <strong>1<\/strong><\/td><td><strong>Room 2<\/strong><\/td><\/tr><tr><td>09:00-09:15<\/td><td><em>Welcome<\/em><\/td><td><\/td><\/tr><tr><td><\/td><td><strong>Opening Plenary Session<\/strong><\/td><td><\/td><\/tr><tr><td>09:15-10:00<\/td><td><strong>Alba Cervera<\/strong> <strong>(BSC, Spain):<\/strong> <a href=\"https:\/\/hpcfusion.bsc.es\/2025\/wp-content\/uploads\/sites\/9\/2026\/01\/Alba-Cervera-Lierta_Abstract_keynote.pdf\">Quantum-HPC integration: state-of-the-art, challenges and opportunities<\/a><\/td><td><\/td><\/tr><tr><td>10:00-10:45<\/td><td><strong>Carolin N\u00fchrenberg (IPP, Germany):<\/strong> <a href=\"https:\/\/hpcfusion.bsc.es\/2025\/wp-content\/uploads\/sites\/9\/2025\/12\/abstract_hpc_fusion_2026_nuehrenberg.pdf\">Gyrokinetic simulations for stellarator plasmas<\/a><\/td><td><\/td><\/tr><tr><td>10:45-11:10<\/td><td><em>Break<\/em><\/td><td><\/td><\/tr><tr><td><\/td><td><strong>Parallel session: Advanced Numerical Modelling of Core Plasma Turbulence and MHD Dynamics<\/strong><\/td><td><strong>Parallel session: Atomistic and Machine-Learning Modelling of Radiation Damage in Fusion Materials<\/strong><\/td><\/tr><tr><td>11:10-11:30<\/td><td><strong>Alberto Bottino (IPP, Germany):<\/strong> <a href=\"https:\/\/hpcfusion.bsc.es\/2025\/wp-content\/uploads\/sites\/9\/2025\/12\/hpc_2026_Bottino.pdf\">Time evolving control variates in global particle-in-cell simulations<\/a><\/td><td><strong>Jintong Wu (UH, Finland):<\/strong><br><a href=\"https:\/\/hpcfusion.bsc.es\/2025\/wp-content\/uploads\/sites\/9\/2025\/12\/Abstract-Jintong-Wu.pdf\">Unveiling long-term defect evolution in fusion materials: a dynamic coupling of Molecular Dynamics with Object Kinetic Monte Carlo for iron and tungsten<\/a><\/td><\/tr><tr><td>11:30-11:50<\/td><td><strong>Albert Civit-Bertran (UPC, Spain):<\/strong> <a href=\"https:\/\/hpcfusion.bsc.es\/2025\/wp-content\/uploads\/sites\/9\/2025\/12\/FusionHPC_abstract-Albert-Civit-Bertran.pdf\">Analysis of 3D non-linear MHD simulations of core density collapse event in LHD plasma<\/a><\/td><td><strong>Mary Kate Chessey (BSC, Spain):<\/strong><br><a href=\"https:\/\/hpcfusion.bsc.es\/2025\/wp-content\/uploads\/sites\/9\/2025\/12\/Abstract-Chessey-Gutierrez-Mehta-Mantsinen-Mary-Kate-Chessey.pdf\">Atomic-scale study of defect-induced thermal conductivity degradation in irradiated tungsten using non-equilibrium molecular dynamics (NEMD) and the Creation Relaxation Algorithm (CRA)<\/a><\/td><\/tr><tr><td>11:50-12:10<\/td><td><strong>Abhishek Tiwari (IISc, India):<\/strong> <a href=\"https:\/\/hpcfusion.bsc.es\/2025\/wp-content\/uploads\/sites\/9\/2025\/12\/HPC_Fusion-Abhishek-Tiwari.pdf\">Zonal flow suppression of turbulent transport in the optimized stellarators W7-X and QSTK<\/a><\/td><td><strong>\u00c1lvaro L\u00f3pez Cazalilla (BSC, Spain):<\/strong> <a href=\"https:\/\/hpcfusion.bsc.es\/2025\/wp-content\/uploads\/sites\/9\/2025\/12\/HPCFusion_ALC-Alvaro-Lopez.pdf\">The role and efficiency of machine-learning interatomic potential in the hydrogen-induced bubble growth in metals<\/a><\/td><\/tr><tr><td>12:10-12:30<\/td><td><strong>Jie Huang (SWIP, China): <\/strong><a href=\"https:\/\/hpcfusion.bsc.es\/2025\/wp-content\/uploads\/sites\/9\/2025\/12\/Fusion_HPC_JieHuang-\u9ec4\u6770.pdf\">Integrated 3D Nonlinear Simulation of Edge Localized Mode Dynamics in the HL-3 Tokamak<\/a><\/td><td><strong>Niccol\u00f2 Di Eugenio (PoliTo, Italy):<\/strong> <a href=\"https:\/\/hpcfusion.bsc.es\/2025\/wp-content\/uploads\/sites\/9\/2025\/12\/HPC4Fusion_Abstract-Niccolo-Di-Eugenio.pdf\">Machine-Learning Interatomic Potentials for Radiation Damage Analysis in High-Temperature Superconductors<\/a><\/td><\/tr><tr><td>12:30-14:00<\/td><td><em>Lunch Break<\/em><\/td><td><\/td><\/tr><tr><td><\/td><td><strong>Parallel session: Monte Carlo Neutronics for Fusion Reactor Safety and Shielding<\/strong><\/td><td><strong>Parallel session: Algorithmic and Machine-Learning Acceleration of Plasma Simulations<\/strong><\/td><\/tr><tr><td>14:00-14:20<\/td><td><strong>Arkady Serikov (KIT, Germany):<\/strong> <a href=\"https:\/\/hpcfusion.bsc.es\/2025\/wp-content\/uploads\/sites\/9\/2025\/12\/Abstract-Serikov-6th_Fusion_HPC_Workshop-Arkady-Serikov.pdf\">Pitagora HPC neutronics computations for the nuclear safety and radwaste issues of the IFMIF-DONES Target Assembly<\/a><\/td><td><strong>Libin Varghese (DAU, India):<\/strong> An <a href=\"https:\/\/hpcfusion.bsc.es\/2025\/wp-content\/uploads\/sites\/9\/2025\/12\/HPC_fusion_2026_abstract-Libin-Varghese.pdf\">Adaptive Self-Aware Sorting Mechanism for Improving Performance of Particle-In-Cell Codes<\/a><\/td><\/tr><tr><td>14:20-14:40<\/td><td><strong>Fabio Calzavara (PoliTo, Italy):<\/strong> <a href=\"https:\/\/hpcfusion.bsc.es\/2025\/wp-content\/uploads\/sites\/9\/2025\/12\/abstract_hpc4_calzavara-Fabio-Calzavara.pdf\">Systematic Monte Carlo analysis of binary compounds for neutron shielding in a compact nuclear fusion reactor<\/a><\/td><td><strong>Kalp Pandya (DAU, India):<\/strong> <a href=\"https:\/\/hpcfusion.bsc.es\/2025\/wp-content\/uploads\/sites\/9\/2025\/12\/FNO_HPC_Fusion_Abstract-Kalp-Pandya.pdf\">Fourier Neural Operator based Surrogate Modeling for Accelarated Plasma Simulations<\/a><\/td><\/tr><tr><td>14:40-14:45<\/td><td><em>Short break to change rooms<\/em><\/td><td><\/td><\/tr><tr><td><\/td><td><strong>Plenary session: AI-Driven Scenario Development and Control in Fusion Plasmas<\/strong><\/td><td><\/td><\/tr><tr><td>14:45-15:15<\/td><td><strong>Evgeny Adishchev (NSF, Luxembourg):<\/strong> <a href=\"https:\/\/hpcfusion.bsc.es\/2025\/wp-content\/uploads\/sites\/9\/2025\/12\/Evgeny_Reinforcement_Learning_Controllers_for_Fusion_Scenario_Development_and_Control.pdf\">Reinforcement Learning Controllers for Fusion Scenario Development and Control<\/a><\/td><td><\/td><\/tr><tr><td>15:15-15:45<\/td><td><strong>Alex Panera Alvarez (DIFFER, Netherlands):<\/strong> <a href=\"https:\/\/hpcfusion.bsc.es\/2025\/wp-content\/uploads\/sites\/9\/2025\/12\/Fusion_HPC_Alex_Panera_Abstract-alex-panera.pdf\">Pellet Fueling: AI-Enhanced Surrogate Modeling and Integrated Modeling<\/a><\/td><td><\/td><\/tr><tr><td>15:45-16:05<\/td><td><em>Break<\/em><\/td><td><\/td><\/tr><tr><td><\/td><td><strong>Parallel session: Reduced, Stochastic, and Data-Driven Modelling of Fusion Plasma Regimes<\/strong><\/td><td><strong>Parallel session: GPU Acceleration and Exascale Portability of Fusion Simulation Codes<\/strong><\/td><\/tr><tr><td>16:05-16:25<\/td><td><strong>Foteini Litovoli (KIT, Germany):<\/strong> <a href=\"https:\/\/hpcfusion.bsc.es\/2025\/wp-content\/uploads\/sites\/9\/2025\/12\/Abstract_Litovoli_Foteini-VAK-ITEP.pdf\">Stochastic modeling and numerical analysis of the DEMO divertor via 3D DSMC simulations<\/a><\/td><td><strong>Augusto Maidana (BSC, Spain):<\/strong> <a href=\"https:\/\/hpcfusion.bsc.es\/2025\/wp-content\/uploads\/sites\/9\/2025\/12\/AMaidana_abstract_v2.pdf\">Porting ERO2.0 to exascale GPU architectures<\/a><\/td><\/tr><tr><td>16:25-16:45<\/td><td><strong>Giorgio Lo Presti (INFN-LNS, CNR-IMM, Italy):<\/strong> <a href=\"https:\/\/hpcfusion.bsc.es\/2025\/wp-content\/uploads\/sites\/9\/2025\/12\/Abstract_HPC_2025_LoPresti_V2.pdf\">Fast dimensional extensions of multicomponent 0D plasma models for multiscale applications to fusion reactors<\/a><\/td><td><strong>Edoardo Carr\u00e0 (IPP, Germany): <\/strong><a href=\"https:\/\/hpcfusion.bsc.es\/2025\/wp-content\/uploads\/sites\/9\/2025\/12\/abstract_carra-edoardo-carra.pdf\">GPU Acceleration of Hybrid Fluid-Kinetic Simulations of Runaway Electrons in JOREK<\/a><\/td><\/tr><tr><td>16:45-17:05<\/td><td><strong>Enrique Zapata Cornejo (MIT PSFC, USA):<\/strong> <a href=\"https:\/\/hpcfusion.bsc.es\/2026\/wp-content\/uploads\/sites\/9\/2026\/02\/Enrique-Zapata_abstract.pdf\">Discovering features for confinement regime operational spaces using classification and Bayesian optimization<\/a><\/td><td><strong>Daneri, Giorgio (IPP, Germany):<\/strong> <a href=\"https:\/\/hpcfusion.bsc.es\/2025\/wp-content\/uploads\/sites\/9\/2025\/12\/FusionHPC-abstract-Daneri.pdf\">GPU Acceleration and Portability of the TRIMEG Code for Global Gyrokinetic Plasma Simulations using OpenMP<\/a><\/td><\/tr><tr><td>17:05-17:10<\/td><td><em>Short break to change rooms<\/em><\/td><td><\/td><\/tr><tr><td>17:10-17:55<\/td><td><strong>Jaime Marian (UCLA, USA):<\/strong> <a href=\"https:\/\/hpcfusion.bsc.es\/wordpress\/wp-content\/uploads\/2025\/12\/JMarian-HPC-Feb26-abstract.pdf\">Multiscale materials modeling for simulating the response of structural materials to fusion reactor conditions<\/a><\/td><td><\/td><\/tr><\/tbody><\/table><\/figure>\n\n\n\n<p class=\"has-medium-font-size\"><strong><strong>Second day \u2013 25 February 202<\/strong>6<br><strong>Timezone CET (Central European Time)<\/strong><\/strong><\/p>\n\n\n\n<figure class=\"wp-block-table is-style-regular\"><table class=\"has-fixed-layout\"><tbody><tr><td><strong>Time<\/strong><\/td><td><strong>Room 1<\/strong><\/td><td><strong>Room 2<\/strong><\/td><\/tr><tr><td>09:00-09:05<\/td><td><em>Welcome Day 2<\/em><\/td><td><\/td><\/tr><tr><td><\/td><td><strong>Parallel session: Advances in Stellarator Design and Optimization<\/strong><\/td><td><\/td><\/tr><tr><td>09:05-09:50<\/td><td><strong>Hiroyuki Yamaguchi (NIFS, Japan):<\/strong> <a href=\"https:\/\/hpcfusion.bsc.es\/2025\/wp-content\/uploads\/sites\/9\/2026\/01\/H.-Yamaguchi_Abstract_Fusion-HPC-Workshop.pdf\">Design activity of a flexible stellarator in National Institute for Fusion Science<\/a><\/td><td><\/td><\/tr><tr><td>09:50-10:20<\/td><td><strong>Caoxiang Zhu: (USTC, China)<\/strong>: <a href=\"https:\/\/hpcfusion.bsc.es\/2025\/wp-content\/uploads\/sites\/9\/2025\/12\/Abstract-Zhu-Caoxiang-Zhu.pdf\">Optimizing Stellarators with Hidden Symmetry<\/a><\/td><td><\/td><\/tr><tr><td>10:20-10:40<\/td><td><em>Break<\/em><\/td><td><\/td><\/tr><tr><td><\/td><td><strong>Parallel session: Emerging Algorithms and Frameworks for Fusion Multiphysics Simulations<\/strong><\/td><td><strong>Parallel session: Atomistic Modelling of Radiation Damage and Helium Bubble Dynamics in Fusion Materials<\/strong><\/td><\/tr><tr><td>10:40-11:00<\/td><td><strong>Efstratios Koukoutsis (NTUA, Greece): <\/strong><a href=\"https:\/\/hpcfusion.bsc.es\/2025\/wp-content\/uploads\/sites\/9\/2025\/12\/Fusion_HPC_Workshop_Abstract-1-Stratos.pdf\">Quantum Simulation of Transient Scattering: From Dielectrics to Plasmas<\/a><\/td><td><strong>Federico Ledda (PoliTo, Italy):<\/strong> <a href=\"https:\/\/hpcfusion.bsc.es\/2025\/wp-content\/uploads\/sites\/9\/2025\/12\/HPCfusion-ledda-federico-ledda.pdf\">Atomistic simulation framework for radiation damage assessment in YBCO<\/a><\/td><\/tr><tr><td>11:00-11:20<\/td><td><strong>\u00d3scar Amaro (IST, Lisbon):<\/strong> <a href=\"https:\/\/hpcfusion.bsc.es\/2025\/wp-content\/uploads\/sites\/9\/2025\/12\/abstract_oscar-Oscar-Lofgren-Amaro.pdf\">Extracting Plasma Dispersion Relations using a Quantum Algorithm<\/a><\/td><td><strong>Pedro J. Delgado (Consorcio IFMIF-DONES, Spain): <\/strong><a href=\"https:\/\/hpcfusion.bsc.es\/2025\/wp-content\/uploads\/sites\/9\/2025\/12\/Abstract-template-HPC-2025-pedro_julian-DELGADO_-GALINDO.pdf\">Development of a Fe-C fusion ready potential within the NEP approach<\/a><\/td><\/tr><tr><td>11:20-11:40<\/td><td><strong>Henrique Bergallo Rocha (UKAEA, UK)<\/strong>: <a href=\"https:\/\/hpcfusion.bsc.es\/2025\/wp-content\/uploads\/sites\/9\/2025\/12\/Fusion_HPC_2025_Abstract-Henrique-Rocha.pdf\">New Developments in MFEM-Enabled MOOSE Simulations<\/a><\/td><td><strong>Alberto Fraile (ICN2, Spain):<\/strong> <a href=\"https:\/\/hpcfusion.bsc.es\/2025\/wp-content\/uploads\/sites\/9\/2025\/12\/Abstract_Fraile-Alberto-Fraile.pdf\">High velocity impacts on plasma facing materials. Vacancies, He, He bubbles, and polycrystalline targets<\/a><\/td><\/tr><tr><td>11:40-12:00<\/td><td><strong>Daniel Ward (STFC, UK):<\/strong> <a href=\"https:\/\/hpcfusion.bsc.es\/2025\/wp-content\/uploads\/sites\/9\/2025\/12\/V2_FusionHPCAbstractDanielWardUpdated.pdf\">Progress towards a scalable liquid-metal MHD solver in MFEM for fusion breeding blankets<\/a><\/td><td><strong>Cristian Diego Denton Zanello (UA, Spain):<\/strong> <a href=\"https:\/\/hpcfusion.bsc.es\/2025\/wp-content\/uploads\/sites\/9\/2025\/12\/Abstract_Pascual_etal_HPC_fusion-Manuel-Pascual-Garcia.pdf\">Molecular dynamics study of He bubbles in FeCr<\/a><\/td><\/tr><tr><td>12:00-12:20<\/td><td><strong>Pranav Puthan (UKAEA, UK): <\/strong><a href=\"https:\/\/hpcfusion.bsc.es\/2025\/wp-content\/uploads\/sites\/9\/2025\/12\/Pranav_hpc_fusion2025-Pranav-Suresh.pdf\">Analysis and Validation of Liquid-Metal Magnetohydrodynamic (MHD) Turbulence for Multiphysics Fusion Applications<\/a><\/td><td><\/td><\/tr><tr><td>12:20-13:50<\/td><td><em>Lunch Break<\/em><\/td><td><\/td><\/tr><tr><td><\/td><td><strong>Plenary session: High-Fidelity MHD Modelling for Fusion Plasmas and Liquid-Metal Systems<\/strong><\/td><td><\/td><\/tr><tr><td>13:50-14:35<\/td><td><strong>Misun Min (ANL, USA):<\/strong> <a href=\"https:\/\/hpcfusion.bsc.es\/2025\/wp-content\/uploads\/sites\/9\/2026\/01\/Misun-Min_FusionHPC-abstract.pdf\">Exascale MHD Simulations for Liquid Metal Fusion Blankets<\/a><\/td><td><\/td><\/tr><tr><td>14:35-15:05<\/td><td><strong>Tyler Brandes (UW\u2013Madison, USA):<\/strong> <a href=\"https:\/\/hpcfusion.bsc.es\/2025\/wp-content\/uploads\/sites\/9\/2025\/12\/Brandes_T-HPC-Abstract-FINAL-2025-TYLER-BRANDES.pdf\">Modelling MHD Pressure Drop in Pumped Liquid Metal Fusion Blankets<\/a><\/td><td><\/td><\/tr><tr><td>15:05-15:35<\/td><td><strong>Jes\u00fas Jos\u00e9 Dom\u00ednguez-Palacios Dur\u00e1n (Fiat Lux LLC, USA): <\/strong><a href=\"https:\/\/hpcfusion.bsc.es\/2025\/wp-content\/uploads\/sites\/9\/2025\/12\/jjdpd_hpc_abstract-Jesus-Jose-Dominguez-Palacios-Duran.pdf\">Extended-MHD modeling of a Wide Pedestal Quiescent H-mode DIII-D plasma including multispecies collisional effects<\/a><\/td><td><\/td><\/tr><tr><td>15:35-16:05<\/td><td><em>Break<\/em><\/td><td><\/td><\/tr><tr><td><\/td><td><strong>Closing Plenary Session<\/strong><\/td><td><\/td><\/tr><tr><td>16:05-16:35<\/td><td><strong>Alvaro Martinez Pechero (Oxford, UK):<\/strong> <a href=\"https:\/\/hpcfusion.bsc.es\/2025\/wp-content\/uploads\/sites\/9\/2025\/12\/Alvaro-Martinez-HPC-Material-science-for-fusion.pdf\">OXFORD-UMAT, the Crystal Plasticity code used to address STEP materials<\/a><\/td><td><\/td><\/tr><tr><td>16:35-17:20<\/td><td><strong>Pablo Rodriguez-Fernandez (MIT-PSFC, USA):<\/strong> <a href=\"https:\/\/hpcfusion.bsc.es\/2025\/wp-content\/uploads\/sites\/9\/2025\/12\/P.rodriguez_abstract.pdf\" data-type=\"link\" data-id=\"https:\/\/hpcfusion.bsc.es\/2025\/wp-content\/uploads\/sites\/9\/2025\/12\/P.rodriguez_abstract.pdf\">On the use of surrogate-based optimization methods to accelerate transport modeling in magnetic confinement fusion devices<\/a><\/td><td><\/td><\/tr><tr><td>17:20-17:30<\/td><td><em>Closing<\/em><\/td><td><\/td><\/tr><\/tbody><\/table><\/figure>\n\n\n\n<p><\/p>\n","protected":false},"excerpt":{"rendered":"<p>Programme Keynote talks Speaker: Alba Cervera (Barcelona Supercomputing Center, Spain)Title: Quantum-HPC integration: state-of-the-art, challenges and opportunities Speaker: Carolin Nuehrenberg (Max Planck Institute for Plasma Physics, Germany)Title: Gyrokinetic simulations for stellarator plasmas Speaker: Hiroyuki Yamaguchi (National Institute for Fusion Science, Japan)Title: Design activity of a flexible stellarator in National Institute for Fusion Science Speaker: Jaime Marian &#8230; <a title=\"Programme\" class=\"read-more\" href=\"https:\/\/hpcfusion.bsc.es\/2026\/programme_adv\/\" aria-label=\"More on Programme\">Read more<\/a><\/p>\n","protected":false},"author":1,"featured_media":0,"parent":0,"menu_order":0,"comment_status":"closed","ping_status":"closed","template":"","meta":{"footnotes":""},"class_list":["post-630","page","type-page","status-publish"],"_links":{"self":[{"href":"https:\/\/hpcfusion.bsc.es\/2026\/wp-json\/wp\/v2\/pages\/630","targetHints":{"allow":["GET"]}}],"collection":[{"href":"https:\/\/hpcfusion.bsc.es\/2026\/wp-json\/wp\/v2\/pages"}],"about":[{"href":"https:\/\/hpcfusion.bsc.es\/2026\/wp-json\/wp\/v2\/types\/page"}],"author":[{"embeddable":true,"href":"https:\/\/hpcfusion.bsc.es\/2026\/wp-json\/wp\/v2\/users\/1"}],"replies":[{"embeddable":true,"href":"https:\/\/hpcfusion.bsc.es\/2026\/wp-json\/wp\/v2\/comments?post=630"}],"version-history":[{"count":125,"href":"https:\/\/hpcfusion.bsc.es\/2026\/wp-json\/wp\/v2\/pages\/630\/revisions"}],"predecessor-version":[{"id":1556,"href":"https:\/\/hpcfusion.bsc.es\/2026\/wp-json\/wp\/v2\/pages\/630\/revisions\/1556"}],"wp:attachment":[{"href":"https:\/\/hpcfusion.bsc.es\/2026\/wp-json\/wp\/v2\/media?parent=630"}],"curies":[{"name":"wp","href":"https:\/\/api.w.org\/{rel}","templated":true}]}}