{"id":83,"date":"2021-07-14T00:26:43","date_gmt":"2021-07-14T00:26:43","guid":{"rendered":"https:\/\/hpcfusion.bsc.es\/?page_id=83"},"modified":"2026-03-17T15:28:51","modified_gmt":"2026-03-17T13:28:51","slug":"media","status":"publish","type":"page","link":"https:\/\/hpcfusion.bsc.es\/2026\/media\/","title":{"rendered":"media"},"content":{"rendered":"\n<h2 class=\"wp-block-heading has-vivid-red-color has-text-color\">Media<\/h2>\n\n\n\n<hr class=\"wp-block-separator has-text-color has-black-color has-css-opacity has-black-background-color has-background aligncenter is-style-wide\"\/>\n\n\n\n<p style=\"font-size:25px\"> <strong>Video recordings<\/strong><\/p>\n\n\n\n<p class=\"has-medium-font-size\"><strong>Day 1<\/strong> &#8211; <strong>24 February<\/strong><\/p>\n\n\n\n<figure class=\"wp-block-embed is-type-video is-provider-youtube wp-block-embed-youtube wp-embed-aspect-16-9 wp-has-aspect-ratio\"><div class=\"wp-block-embed__wrapper\">\n<iframe loading=\"lazy\" title=\"6th Fusion HPC Workshop Day 1\" width=\"1200\" height=\"675\" src=\"https:\/\/www.youtube.com\/embed\/4ALlTr-pHeQ?feature=oembed\" frameborder=\"0\" allow=\"accelerometer; autoplay; clipboard-write; encrypted-media; gyroscope; picture-in-picture; web-share\" referrerpolicy=\"strict-origin-when-cross-origin\" allowfullscreen><\/iframe>\n<\/div><\/figure>\n\n\n\n<p class=\"has-medium-font-size\"><strong>Day 2 <\/strong>&#8211; <strong>25 February<\/strong><\/p>\n\n\n\n<figure class=\"wp-block-embed is-type-video is-provider-youtube wp-block-embed-youtube wp-embed-aspect-16-9 wp-has-aspect-ratio\"><div class=\"wp-block-embed__wrapper\">\n<iframe loading=\"lazy\" title=\"6th Fusion HPC Workshop Day 2\" width=\"1200\" height=\"675\" src=\"https:\/\/www.youtube.com\/embed\/ioirOJ6OYc0?feature=oembed\" frameborder=\"0\" allow=\"accelerometer; autoplay; clipboard-write; encrypted-media; gyroscope; picture-in-picture; web-share\" referrerpolicy=\"strict-origin-when-cross-origin\" allowfullscreen><\/iframe>\n<\/div><\/figure>\n\n\n\n<p class=\"has-normal-font-size\"><br>*Please note that not all talks are available.<\/p>\n\n\n\n<p class=\"has-normal-font-size\">*In the description of the videos you will find a direct link to the beginning of each talk.<\/p>\n\n\n\n<p style=\"font-size:25px\"><strong>Presentations<\/strong><\/p>\n\n\n\n<p><strong>Keynote talks<\/strong><\/p>\n\n\n\n<p><strong>Speaker:<\/strong> <a href=\"https:\/\/hpcfusion.bsc.es\/2026\/wp-content\/uploads\/sites\/9\/2026\/03\/Alba-Cervera_2026_02_QHPC-FusionHPC.pdf\" target=\"_blank\" rel=\"noreferrer noopener\">Alba Cervera (Barcelona Supercomputing Center, Spain)<\/a><br><strong>Title: <\/strong><em><a href=\"https:\/\/hpcfusion.bsc.es\/2026\/wp-content\/uploads\/sites\/9\/2026\/03\/Alba-Cervera_2026_02_QHPC-FusionHPC.pdf\" target=\"_blank\" rel=\"noreferrer noopener\">Quantum-HPC integration: state-of-the-art, challenges and opportunities<\/a><\/em><\/p>\n\n\n\n<p><strong>Speaker:<\/strong> <a href=\"https:\/\/hpcfusion.bsc.es\/2026\/wp-content\/uploads\/sites\/9\/2026\/03\/Carolin-Nuehrenberg_hpc_fusion_2026_compressed.pdf\" data-type=\"link\" data-id=\"https:\/\/hpcfusion.bsc.es\/2026\/wp-content\/uploads\/sites\/9\/2026\/03\/Carolin-Nuehrenberg_hpc_fusion_2026_compressed.pdf\" target=\"_blank\" rel=\"noreferrer noopener\">Carolin Nuehrenberg (Max Planck Institute for Plasma Physics, Germany)<\/a><br><strong>Title:<\/strong> <em><a href=\"https:\/\/hpcfusion.bsc.es\/2026\/wp-content\/uploads\/sites\/9\/2026\/03\/Carolin-Nuehrenberg_hpc_fusion_2026_compressed.pdf\" data-type=\"link\" data-id=\"https:\/\/hpcfusion.bsc.es\/2026\/wp-content\/uploads\/sites\/9\/2026\/03\/Carolin-Nuehrenberg_hpc_fusion_2026_compressed.pdf\" target=\"_blank\" rel=\"noreferrer noopener\">Gyrokinetic simulations for stellarator plasmas<\/a><\/em><\/p>\n\n\n\n<p><strong>Speaker:<\/strong><a href=\"https:\/\/hpcfusion.bsc.es\/2026\/wp-content\/uploads\/sites\/9\/2026\/03\/Hiroyuki_Yamaguchi.HPC-Fusion-2025_v4.pdf\" data-type=\"link\" data-id=\"https:\/\/hpcfusion.bsc.es\/2026\/wp-content\/uploads\/sites\/9\/2026\/03\/Hiroyuki_Yamaguchi.HPC-Fusion-2025_v4.pdf\" target=\"_blank\" rel=\"noreferrer noopener\"> Hiroyuki Yamaguchi (National Institute for Fusion Science, Japan)<\/a><br><strong>Title<\/strong>: <em><a href=\"https:\/\/hpcfusion.bsc.es\/2026\/wp-content\/uploads\/sites\/9\/2026\/03\/Hiroyuki_Yamaguchi.HPC-Fusion-2025_v4.pdf\" target=\"_blank\" rel=\"noreferrer noopener\">Design activity of a flexible stellarator in National Institute for Fusion Science<\/a><\/em><\/p>\n\n\n\n<p><strong>Speaker:<\/strong> <a href=\"https:\/\/hpcfusion.bsc.es\/2026\/wp-content\/uploads\/sites\/9\/2026\/03\/Jaime-Marian_hpc-fusion_compressed.pdf\" target=\"_blank\" rel=\"noreferrer noopener\">Jaime Marian (University of California Los Angeles, USA)<\/a><br><strong>Titile: <\/strong><em><a href=\"https:\/\/hpcfusion.bsc.es\/2026\/wp-content\/uploads\/sites\/9\/2026\/03\/Jaime-Marian_hpc-fusion_compressed.pdf\" data-type=\"link\" data-id=\"https:\/\/hpcfusion.bsc.es\/2026\/wp-content\/uploads\/sites\/9\/2026\/03\/Jaime-Marian_hpc-fusion_compressed.pdf\" target=\"_blank\" rel=\"noreferrer noopener\">Multiscale materials modeling for simulating the response of structural materials to fusion reactor conditions<\/a><\/em><\/p>\n\n\n\n<p><strong>Speaker: <\/strong><a href=\"https:\/\/hpcfusion.bsc.es\/2026\/wp-content\/uploads\/sites\/9\/2026\/03\/Misun_Min_FusionHPC2026_compressed.pdf\" data-type=\"link\" data-id=\"https:\/\/hpcfusion.bsc.es\/2026\/wp-content\/uploads\/sites\/9\/2026\/03\/Misun_Min_FusionHPC2026_compressed.pdf\" target=\"_blank\" rel=\"noreferrer noopener\">Misun Min (Argonne National Laboratory, USA)<\/a><br><strong>Title: <\/strong><em><a href=\"https:\/\/hpcfusion.bsc.es\/2026\/wp-content\/uploads\/sites\/9\/2026\/03\/Misun_Min_FusionHPC2026_compressed.pdf\" data-type=\"link\" data-id=\"https:\/\/hpcfusion.bsc.es\/2026\/wp-content\/uploads\/sites\/9\/2026\/03\/Misun_Min_FusionHPC2026_compressed.pdf\" target=\"_blank\" rel=\"noreferrer noopener\">Exascale MHD simulations for liquid metal fusion blankets<\/a><\/em><\/p>\n\n\n\n<p><strong>Speaker:<\/strong> <a href=\"https:\/\/hpcfusion.bsc.es\/2026\/wp-content\/uploads\/sites\/9\/2026\/03\/Pablo-Rodriguez_Fusion-HPC.pdf\" target=\"_blank\" rel=\"noreferrer noopener\">Pablo Rodriguez-Fernandez (MIT Plasma Science and Fusion Center, USA)<\/a><br><strong>Title:<\/strong> <em><a href=\"https:\/\/hpcfusion.bsc.es\/2026\/wp-content\/uploads\/sites\/9\/2026\/03\/Pablo-Rodriguez_Fusion-HPC.pdf\" target=\"_blank\" rel=\"noreferrer noopener\">On the use of surrogate-based optimization methods<\/a><\/em><\/p>\n\n\n\n<p><strong>Invited talks<\/strong><\/p>\n\n\n\n<ul class=\"wp-block-list\">\n<li><a href=\"https:\/\/hpcfusion.bsc.es\/2026\/wp-content\/uploads\/sites\/9\/2026\/03\/Alvaro_Martinez_OXFORD-UMAT-the-Crystal-Plasticity-code-used-to-address-STEP-materials.pdf\" target=\"_blank\" rel=\"noreferrer noopener\">Alvaro Martinez Pechero (University of Oxford): OXFORD-UMAT, the Crystal Plasticity code used to address STEP materials<\/a><\/li>\n\n\n\n<li><a href=\"https:\/\/hpcfusion.bsc.es\/2026\/wp-content\/uploads\/sites\/9\/2026\/03\/Alex-Panera-Pellet_AI_slides_HPC.pdf\" target=\"_blank\" rel=\"noreferrer noopener\">\u00c1lex Panera \u00c1lvarez (DIFFER): Pellet Fueling: AI-Enhanced Surrogate Modeling and Integrated Modeling<\/a><\/li>\n\n\n\n<li><a href=\"https:\/\/hpcfusion.bsc.es\/2026\/wp-content\/uploads\/sites\/9\/2026\/03\/Caoxiang-Zhu_FusionHPCWorkshop_compressed.pdf\" target=\"_blank\" rel=\"noreferrer noopener\">Caoxiang Zhu (University of Science and Technology of China): Optimizing Stellarators with Hidden Symmetry<\/a><\/li>\n\n\n\n<li><a href=\"https:\/\/hpcfusion.bsc.es\/2026\/wp-content\/uploads\/sites\/9\/2026\/03\/Evgeny-Adishchev2026-02-24-HPC-Workshop.pdf\" target=\"_blank\" rel=\"noreferrer noopener\">Evgeny Adishchev (Next Step Fusion s.a.r.l.): Reinforcement Learning Controllers for Fusion Scenario Development and Control<\/a><\/li>\n\n\n\n<li><a href=\"https:\/\/hpcfusion.bsc.es\/2026\/wp-content\/uploads\/sites\/9\/2026\/03\/Jesus-Jose-Dominguez-Palacios-Duran_HPC_Fusion_Workshop.pdf\" target=\"_blank\" rel=\"noreferrer noopener\">Jes\u00fas Jos\u00e9 Dom\u00ednguez-Palacios Dur\u00e1n (Fiat Lux LLC): Extended-MHD modeling of a Wide Pedestal Quiescent H-mode DIII-D plasma including multispecies collisional effects<\/a><\/li>\n\n\n\n<li><a href=\"https:\/\/hpcfusion.bsc.es\/2026\/wp-content\/uploads\/sites\/9\/2026\/03\/Tyler-Brandes_HPC_Fusion_Slides.pdf\" target=\"_blank\" rel=\"noreferrer noopener\">Tyler Brandes (Department of Physics, University of Wisconsin\u2013Madison): Modelling MHD Pressure Drop in Pumped Liquid Metal Fusion Blankets<\/a><\/li>\n<\/ul>\n\n\n\n<p><strong>Contributed talks<\/strong><\/p>\n\n\n\n<ul class=\"wp-block-list\">\n<li><a href=\"https:\/\/hpcfusion.bsc.es\/2026\/wp-content\/uploads\/sites\/9\/2026\/03\/Abhishek-Tiwari_HPC_Presentation_final0_compressed.pdf\" target=\"_blank\" rel=\"noreferrer noopener\">Abhishek Tiwari (Indian Institue of Science): Zonal flow suppression of turbulent transport in the optimized stellarators W7-X and QSTK<\/a><\/li>\n\n\n\n<li><a href=\"https:\/\/hpcfusion.bsc.es\/2026\/wp-content\/uploads\/sites\/9\/2026\/03\/Albert_Civit_3D_nonlinear_MHD_CDC_LHD.pdf\" target=\"_blank\" rel=\"noreferrer noopener\">Albert Civit-Bertran (Universitat Polit\u00e8cnica de Catalunya): Analysis of 3D non-linear MHD simulations of core density collapse event in LHD plasma<\/a><\/li>\n\n\n\n<li><a href=\"https:\/\/hpcfusion.bsc.es\/2026\/wp-content\/uploads\/sites\/9\/2026\/03\/Alberto-Bottino_Fusion_HPC_2026_v4.pdf\" target=\"_blank\" rel=\"noreferrer noopener\">Alberto Bottino (Max Planck Institute for Plasma Physics): Time evolving control variates in global particle-in-cell simulations<\/a><\/li>\n\n\n\n<li><a href=\"https:\/\/hpcfusion.bsc.es\/2026\/wp-content\/uploads\/sites\/9\/2026\/03\/Alberto-Fraile_presentation.pdf\" target=\"_blank\" rel=\"noreferrer noopener\">Alberto Fraile (Catalan Institute of Nanoscience and Nanotechnology (ICN2), BIST &amp; CSIC): High velocity impacts on plasma facing materials. Vacancies, He, He bubbles, and polycrystalline targets<\/a><\/li>\n\n\n\n<li><a href=\"https:\/\/hpcfusion.bsc.es\/2026\/wp-content\/uploads\/sites\/9\/2026\/03\/Alvaro_Lopez_HPCfusion2026_ALC.pdf\" target=\"_blank\" rel=\"noreferrer noopener\">\u00c1lvaro L\u00f3pez Cazalilla (BSC): The role and efficiency of machine-learning interatomic potential in the hydrogen-induced bubble growth in metals<\/a><\/li>\n\n\n\n<li><a href=\"https:\/\/hpcfusion.bsc.es\/2026\/wp-content\/uploads\/sites\/9\/2026\/03\/Arkady-Serikov_Pitagora-HPC-neutronics-computations-for-the-nuclear-safety-and-radwaste-issues-of-the-IFMIF-DONES-Target-Assembly_compressed.pdf\" target=\"_blank\" rel=\"noreferrer noopener\">Arkady Serikov (Karlsruhe Institute of Technology (KIT): Pitagora HPC neutronics computations for the nuclear safety and radwaste issues of the IFMIF-DONES Target Assembly<\/a><\/li>\n\n\n\n<li><a href=\"https:\/\/hpcfusion.bsc.es\/2026\/wp-content\/uploads\/sites\/9\/2026\/03\/Augusto-Maidana_6th-Fusion_HPC_WorkShop.pdf\" target=\"_blank\" rel=\"noreferrer noopener\">Augusto Maidana (BSC): Porting ERO2.0 to exascale GPU architectures<\/a><\/li>\n\n\n\n<li><a href=\"https:\/\/hpcfusion.bsc.es\/2026\/wp-content\/uploads\/sites\/9\/2026\/03\/Cristian-Denton-presentation-v3.pdf\" target=\"_blank\" rel=\"noreferrer noopener\">Cristian Diego Denton Zanello (Universidad de Alicante): Molecular dynamics study of He bubbles in FeCr<\/a><\/li>\n\n\n\n<li><a href=\"https:\/\/hpcfusion.bsc.es\/2026\/wp-content\/uploads\/sites\/9\/2026\/03\/Daniel-Ward_6thFusionHPCPresentation.pdf\" target=\"_blank\" rel=\"noreferrer noopener\">Daniel Ward (Hartree Centre, STFC, UKRI): Progress towards a scalable liquid-metal MHD solver in MFEM for fusion breeding blankets<\/a><\/li>\n\n\n\n<li>Enrique Zapata Cornejo (MIT PSFC): Discovering features for confinement regime operational spaces using classification and Bayesian optimization<\/li>\n\n\n\n<li><a href=\"https:\/\/hpcfusion.bsc.es\/2026\/wp-content\/uploads\/sites\/9\/2026\/03\/Edoardo-Carra_HPC_fusion_presentation.pdf\" target=\"_blank\" rel=\"noreferrer noopener\">Edoardo Carr\u00e0 (Max Planck Institute for Plasma Physics): GPU Acceleration of Hybrid Fluid-Kinetic Simulations of Runaway Electrons in JOREK<\/a><\/li>\n\n\n\n<li>Efstratios Koukoutsis (School of Electrical and Computer Engineering, National Technical University of Athens): Quantum Simulation of Transient Scattering: From Dielectrics to Plasmas<\/li>\n\n\n\n<li><a href=\"https:\/\/hpcfusion.bsc.es\/2026\/wp-content\/uploads\/sites\/9\/2026\/03\/Fabio-Calzavara_HPC4Fusion_FC.pdf\" target=\"_blank\" rel=\"noreferrer noopener\">Fabio Calzavara (Politecnico di Torino): Systematic Monte Carlo analysis of binary compounds for neutron shielding in a compact nuclear fusion reactor<\/a><\/li>\n\n\n\n<li><a href=\"https:\/\/hpcfusion.bsc.es\/2026\/wp-content\/uploads\/sites\/9\/2026\/03\/Federico-Ledda-presentation.pdf\" target=\"_blank\" rel=\"noreferrer noopener\">Federico Ledda (Politecnico di Torino, Department of Applied Science and Technology): Atomistic simulation framework for radiation damage assessment in YBCO<\/a><\/li>\n\n\n\n<li>Foteini Litovoli (Karlsruhe Institute of Technology): Stochastic modeling and numerical analysis of the DEMO divertor via 3D DSMC simulations<\/li>\n\n\n\n<li><a href=\"https:\/\/hpcfusion.bsc.es\/2026\/wp-content\/uploads\/sites\/9\/2026\/03\/Giorgio-Daneri_presentation.pdf\" target=\"_blank\" rel=\"noreferrer noopener\">Giorgio Daneri (Max Planck Institute for Plasma Physics): GPU Acceleration and Portability of the TRIMEG Code for Global Gyrokinetic Plasma Simulations using OpenMP<\/a><\/li>\n\n\n\n<li><a href=\"https:\/\/hpcfusion.bsc.es\/2026\/wp-content\/uploads\/sites\/9\/2026\/03\/Giorgio-Lo-Presti-Conferenza_HPC_2026_MPM_V2.pdf\" target=\"_blank\" rel=\"noreferrer noopener\">Giorgio Lo Presti (INFN-LNS \/ CNR-IMM): Fast dimensional extensions of multicomponent 0D plasma models for multiscale applications to fusion reactors<\/a><\/li>\n\n\n\n<li><a href=\"https:\/\/hpcfusion.bsc.es\/2026\/wp-content\/uploads\/sites\/9\/2026\/03\/Henrique_Rocha_Fusion-HPC-Workshop-2026.pdf\" target=\"_blank\" rel=\"noreferrer noopener\">Henrique Bergallo Rocha (United Kingdom Atomic Energy Authority): New Developments in MFEM-Enabled MOOSE Simulations<\/a><\/li>\n\n\n\n<li>Jie Huang (Southwestern Institute of Physics): Integrated 3D Nonlinear Simulation of Edge Localized Mode Dynamics in the HL-3 Tokamak<\/li>\n\n\n\n<li><a href=\"https:\/\/hpcfusion.bsc.es\/2026\/wp-content\/uploads\/sites\/9\/2026\/03\/Jintong-Wu_presentation.pdf\" target=\"_blank\" rel=\"noreferrer noopener\">Jintong Wu (University of Helsinki): Unveiling long-term defect evolution in fusion materials: a dynamic coupling of Molecular Dynamics with Object Kinetic Monte Carlo for iron and tungsten<\/a><\/li>\n\n\n\n<li><a href=\"https:\/\/hpcfusion.bsc.es\/2026\/wp-content\/uploads\/sites\/9\/2026\/03\/Kalp-Pandya_Fusion-V2.pdf\" target=\"_blank\" rel=\"noreferrer noopener\">Kalp Pandya (Junior Research Fellow at Smart Energy Learning Center): Fourier Neural Operator based Surrogate Modeling for Accelarated Plasma Simulations<\/a><\/li>\n\n\n\n<li><a href=\"https:\/\/hpcfusion.bsc.es\/2026\/wp-content\/uploads\/sites\/9\/2026\/03\/Libin-Varghese_HPCFusion.pdf\" target=\"_blank\" rel=\"noreferrer noopener\">Libin Varghesen (Dhirubhai Ambani University (DAU): An Adaptive Self-Aware Sorting Mechanism for Improving Performance of Particle-In-Cell Codes<\/a><\/li>\n\n\n\n<li><a href=\"https:\/\/hpcfusion.bsc.es\/2026\/wp-content\/uploads\/sites\/9\/2026\/03\/Mary-Chessey-BSC-FusionHPCWorkshop2026.pdf\" target=\"_blank\" rel=\"noreferrer noopener\">Mary Kate Chessey (BSC): Atomic-scale study of defect-induced thermal conductivity degradation in irradiated tungsten using non-equilibrium molecular dynamics (NEMD) and the Creation Relaxation Algorithm (CRA)<\/a><\/li>\n\n\n\n<li><a href=\"https:\/\/hpcfusion.bsc.es\/2026\/wp-content\/uploads\/sites\/9\/2026\/03\/Niccolo-Di-Eugenio_HPC4Fusion.pdf\" target=\"_blank\" rel=\"noreferrer noopener\">Niccol\u00f2 Di Eugenio (Department of Applied Science and Technology, Politecnico di Torino): Machine-Learning Interatomic Potentials for Radiation Damage Analysis in High-Temperature Superconductors<\/a><\/li>\n\n\n\n<li>\u00d3scar Amaro (1 GoLP\/Instituto de Plasma e Fus\u00e3o Nuclear, Instituto Superior T\u00e9cnico, Universidade de Lisboa): Extracting Plasma Dispersion Relations using a Quantum Algorithm<\/li>\n\n\n\n<li><a href=\"https:\/\/hpcfusion.bsc.es\/2026\/wp-content\/uploads\/sites\/9\/2026\/03\/Pedro-Delgado_6ht-HPC-Fusion-workshop.pdf\" target=\"_blank\" rel=\"noreferrer noopener\">Pedro, J. Delgado (Consorcio IFMIF-DONES): Development of a Fe-C fusion ready potential within the NEP approach<\/a><\/li>\n\n\n\n<li><a href=\"https:\/\/hpcfusion.bsc.es\/2026\/wp-content\/uploads\/sites\/9\/2026\/03\/Pranav-Puthan_HPC_UKAEA_v2.pdf\" target=\"_blank\" rel=\"noreferrer noopener\">Pranav Puthan (UK Atomic Energy Authority, Culham campus): Analysis and Validation of Liquid-Metal Magnetohydrodynamic (MHD) Turbulence for Multiphysics Fusion Applications<\/a><\/li>\n<\/ul>\n","protected":false},"excerpt":{"rendered":"<p>Media Video recordings Day 1 &#8211; 24 February Day 2 &#8211; 25 February *Please note that not all talks are available. *In the description of the videos you will find a direct link to the beginning of each talk. Presentations Keynote talks Speaker: Alba Cervera (Barcelona Supercomputing Center, Spain)Title: Quantum-HPC integration: state-of-the-art, challenges and opportunities &#8230; <a title=\"media\" class=\"read-more\" href=\"https:\/\/hpcfusion.bsc.es\/2026\/media\/\" aria-label=\"More on media\">Read more<\/a><\/p>\n","protected":false},"author":1,"featured_media":0,"parent":0,"menu_order":0,"comment_status":"closed","ping_status":"closed","template":"","meta":{"footnotes":""},"class_list":["post-83","page","type-page","status-publish"],"_links":{"self":[{"href":"https:\/\/hpcfusion.bsc.es\/2026\/wp-json\/wp\/v2\/pages\/83","targetHints":{"allow":["GET"]}}],"collection":[{"href":"https:\/\/hpcfusion.bsc.es\/2026\/wp-json\/wp\/v2\/pages"}],"about":[{"href":"https:\/\/hpcfusion.bsc.es\/2026\/wp-json\/wp\/v2\/types\/page"}],"author":[{"embeddable":true,"href":"https:\/\/hpcfusion.bsc.es\/2026\/wp-json\/wp\/v2\/users\/1"}],"replies":[{"embeddable":true,"href":"https:\/\/hpcfusion.bsc.es\/2026\/wp-json\/wp\/v2\/comments?post=83"}],"version-history":[{"count":74,"href":"https:\/\/hpcfusion.bsc.es\/2026\/wp-json\/wp\/v2\/pages\/83\/revisions"}],"predecessor-version":[{"id":1620,"href":"https:\/\/hpcfusion.bsc.es\/2026\/wp-json\/wp\/v2\/pages\/83\/revisions\/1620"}],"wp:attachment":[{"href":"https:\/\/hpcfusion.bsc.es\/2026\/wp-json\/wp\/v2\/media?parent=83"}],"curies":[{"name":"wp","href":"https:\/\/api.w.org\/{rel}","templated":true}]}}